{"id":4959,"date":"2026-02-26T11:26:24","date_gmt":"2026-02-26T16:26:24","guid":{"rendered":"https:\/\/centredentaireied.ca\/?page_id=4959"},"modified":"2026-03-16T11:21:23","modified_gmt":"2026-03-16T16:21:23","slug":"148-dentiste-laval","status":"publish","type":"page","link":"https:\/\/centredentaireied.ca\/fr\/148-dentiste-laval\/","title":{"rendered":"148 Dentiste laval"},"content":{"rendered":"\t\t<div data-elementor-type=\"wp-page\" data-elementor-id=\"4959\" class=\"elementor elementor-4959 elementor-4953\" data-elementor-post-type=\"page\">\n\t\t\t\t<div class=\"elementor-element elementor-element-3174fbec e-flex e-con-boxed e-con e-parent\" data-id=\"3174fbec\" data-element_type=\"container\" data-e-type=\"container\">\n\t\t\t\t\t<div class=\"e-con-inner\">\n\t\t\t\t<div class=\"elementor-element elementor-element-5677162b elementor-widget__width-inherit elementor-widget elementor-widget-image\" data-id=\"5677162b\" data-element_type=\"widget\" data-e-type=\"widget\" data-widget_type=\"image.default\">\n\t\t\t\t\t\t\t\t\t\t\t\t\t\t\t<img fetchpriority=\"high\" decoding=\"async\" width=\"980\" height=\"200\" src=\"https:\/\/centredentaireied.ca\/wp-content\/uploads\/2026\/02\/tech-banner.png\" class=\"attachment-large size-large wp-image-4895\" alt=\"Centre Dentaire IED Implantologie Esth\u00e9tique Dentisterie G\u00e9n\u00e9rale Pierrefonds Montr\u00e9al Quebec Dentistes\" srcset=\"https:\/\/centredentaireied.ca\/wp-content\/uploads\/2026\/02\/tech-banner.png 980w, https:\/\/centredentaireied.ca\/wp-content\/uploads\/2026\/02\/tech-banner-300x61.png 300w, https:\/\/centredentaireied.ca\/wp-content\/uploads\/2026\/02\/tech-banner-768x157.png 768w\" sizes=\"(max-width: 980px) 100vw, 980px\" \/>\t\t\t\t\t\t\t\t\t\t\t\t\t\t\t<\/div>\n\t\t<div class=\"elementor-element elementor-element-4d812a43 e-con-full e-flex e-con e-child\" data-id=\"4d812a43\" data-element_type=\"container\" data-e-type=\"container\">\n\t\t\t\t<div class=\"elementor-element elementor-element-38a1c353 elementor-widget elementor-widget-heading\" data-id=\"38a1c353\" data-element_type=\"widget\" data-e-type=\"widget\" data-widget_type=\"heading.default\">\n\t\t\t\t\t<h1 class=\"elementor-heading-title elementor-size-default\">DENTISTE PR\u00c8S DE LAVAL<\/h1>\t\t\t\t<\/div>\n\t\t\t\t<div class=\"elementor-element elementor-element-5d72eef2 elementor-widget-divider--view-line elementor-widget elementor-widget-divider\" data-id=\"5d72eef2\" data-element_type=\"widget\" data-e-type=\"widget\" data-widget_type=\"divider.default\">\n\t\t\t\t\t\t\t<div class=\"elementor-divider\">\n\t\t\t<span class=\"elementor-divider-separator\">\n\t\t\t\t\t\t<\/span>\n\t\t<\/div>\n\t\t\t\t\t\t<\/div>\n\t\t<div class=\"elementor-element elementor-element-7b3d282d e-con-full e-flex e-con e-child\" data-id=\"7b3d282d\" data-element_type=\"container\" data-e-type=\"container\">\n\t\t<div class=\"elementor-element elementor-element-36d0639a e-con-full e-flex e-con e-child\" data-id=\"36d0639a\" data-element_type=\"container\" data-e-type=\"container\">\n\t\t\t\t<div class=\"elementor-element elementor-element-55e3ba49 elementor-widget elementor-widget-heading\" data-id=\"55e3ba49\" data-element_type=\"widget\" data-e-type=\"widget\" data-widget_type=\"heading.default\">\n\t\t\t\t\t<h2 class=\"elementor-heading-title elementor-size-default\">Histoire du centre dentaire pr\u00e8s de Laval<\/h2>\t\t\t\t<\/div>\n\t\t\t\t<div class=\"elementor-element elementor-element-3df1875c elementor-widget elementor-widget-text-editor\" data-id=\"3df1875c\" data-element_type=\"widget\" data-e-type=\"widget\" data-widget_type=\"text-editor.default\">\n\t\t\t\t\t\t\t\t\t<p>En activit\u00e9 depuis 30 ans, le Centre dentaire IED s\u2019est b\u00e2ti une solide r\u00e9putation dans la r\u00e9gion de Laval, bas\u00e9e sur ses services sp\u00e9cialis\u00e9s en implantologie et sur ses services de dentisterie g\u00e9n\u00e9rale.<\/p>\t\t\t\t\t\t\t\t<\/div>\n\t\t\t\t<div class=\"elementor-element elementor-element-7495c150 elementor-widget elementor-widget-heading\" data-id=\"7495c150\" data-element_type=\"widget\" data-e-type=\"widget\" data-widget_type=\"heading.default\">\n\t\t\t\t\t<h2 class=\"elementor-heading-title elementor-size-default\">Services offerts par la cabinet dentaire<\/h2>\t\t\t\t<\/div>\n\t\t\t\t<div class=\"elementor-element elementor-element-6e5ca46a elementor-widget elementor-widget-text-editor\" data-id=\"6e5ca46a\" data-element_type=\"widget\" data-e-type=\"widget\" data-widget_type=\"text-editor.default\">\n\t\t\t\t\t\t\t\t\t<p>Le Centre dentaire IED se sp\u00e9cialise en implantologie dentaire. Notre \u00e9quipe de professionnels offre donc un large \u00e9ventail de soins et de <a href=\"https:\/\/www.centredentaireied.ca\/fr\/implantologie\/\" target=\"_blank\" rel=\"noopener\">services<\/a>\u00a0en implantologie \u00e0 sa client\u00e8le, comme les implants dentaires individuels ou les implants All-on-4.<\/p><p>Notre mission est de vous prodiguer des soins de haute qualit\u00e9 dans une ambiance amicale et chaleureuse. Nous offrons la gamme compl\u00e8te de tous les soins de dentisterie g\u00e9n\u00e9rale tels que le pont dentaire, la couronne dentaire ou le<a href=\"https:\/\/www.centredentaireied.ca\/fr\/traitement-de-canal\/\">\u00a0traitement de canal<\/a>.<\/p><p>Notre \u00e9quipe dessert principalement le territoire du West Island mais notre client\u00e8le vient de partout dans la grande r\u00e9gion m\u00e9tropolitaine, incluant Laval. Si vous recherchez des soins dentaires de qualit\u00e9, n\u2019h\u00e9sitez pas \u00e0 prendre rendez-vous avec nous d\u00e8s aujourd\u2019hui!<\/p><p>\u2190\u00a0<a href=\"https:\/\/www.centredentaireied.ca\/fr\/territoires-desservis\/\">Retour \u00e0 la liste<\/a><\/p>\t\t\t\t\t\t\t\t<\/div>\n\t\t\t\t<\/div>\n\t\t\t\t<div class=\"elementor-element elementor-element-789a2dfe elementor-widget elementor-widget-google_maps\" data-id=\"789a2dfe\" data-element_type=\"widget\" data-e-type=\"widget\" data-widget_type=\"google_maps.default\">\n\t\t\t\t\t\t\t<div class=\"elementor-custom-embed\">\n\t\t\t<iframe loading=\"lazy\"\n\t\t\t\t\tsrc=\"https:\/\/maps.google.com\/maps?q=4849%20Bd%20Saint-Charles%2C%20Pierrefonds%20-%20Roxboro%2C%20QC%20H9H%203E4%2C%20Canada&#038;t=m&#038;z=14&#038;output=embed&#038;iwloc=near\"\n\t\t\t\t\ttitle=\"4849 Bd Saint-Charles, Pierrefonds - Roxboro, QC H9H 3E4, Canada\"\n\t\t\t\t\taria-label=\"4849 Bd Saint-Charles, Pierrefonds - Roxboro, QC H9H 3E4, Canada\"\n\t\t\t><\/iframe>\n\t\t<\/div>\n\t\t\t\t\t\t<\/div>\n\t\t\t\t<\/div>\n\t\t\t\t<\/div>\n\t\t\t\t\t<\/div>\n\t\t\t\t<\/div>\n\t\t<div class=\"elementor-element elementor-element-5aaf9bbb e-flex e-con-boxed e-con e-parent\" data-id=\"5aaf9bbb\" data-element_type=\"container\" data-e-type=\"container\">\n\t\t\t\t\t<div class=\"e-con-inner\">\n\t\t<div class=\"elementor-element elementor-element-3dfcde7c e-con-full e-flex e-con e-child\" data-id=\"3dfcde7c\" data-element_type=\"container\" data-e-type=\"container\">\n\t\t<a class=\"elementor-element elementor-element-3c9c26af e-con-full footer-upper-container e-flex e-con e-child\" data-id=\"3c9c26af\" data-element_type=\"container\" data-e-type=\"container\" data-settings=\"{&quot;background_background&quot;:&quot;classic&quot;}\" href=\"https:\/\/centredentaireied.ca\/fr\/nouveau-patient\/\">\n\t\t\t\t<div class=\"elementor-element elementor-element-42fd18f4 elementor-widget elementor-widget-image\" data-id=\"42fd18f4\" data-element_type=\"widget\" data-e-type=\"widget\" data-widget_type=\"image.default\">\n\t\t\t\t\t\t\t\t\t\t\t\t\t\t\t<img decoding=\"async\" src=\"https:\/\/centredentaireied.ca\/wp-content\/uploads\/elementor\/thumbs\/footer-newPatientsIcon-rjawlntp5j3l03iylr818l7xhitnv5rfonqcjuosxg.png\" title=\"\" alt=\"Centre Dentaire IED Implantologie Esth\u00e9tique Dentisterie G\u00e9n\u00e9rale Pierrefonds Montr\u00e9al Quebec Dentistes\" loading=\"lazy\" \/>\t\t\t\t\t\t\t\t\t\t\t\t\t\t\t<\/div>\n\t\t\t\t<div class=\"elementor-element elementor-element-4727d795 footer-upper-text elementor-widget elementor-widget-text-editor\" data-id=\"4727d795\" data-element_type=\"widget\" data-e-type=\"widget\" data-widget_type=\"text-editor.default\">\n\t\t\t\t\t\t\t\t\t<p>Nouveaux<br \/>patients<\/p>\t\t\t\t\t\t\t\t<\/div>\n\t\t\t\t<\/a>\n\t\t<a class=\"elementor-element elementor-element-79383f62 e-con-full footer-upper-container e-flex e-con e-child\" data-id=\"79383f62\" data-element_type=\"container\" data-e-type=\"container\" href=\"https:\/\/centredentaireied.ca\/fr\/services-dentisterie\/\">\n\t\t\t\t<div class=\"elementor-element elementor-element-756c54f7 elementor-widget elementor-widget-image\" data-id=\"756c54f7\" data-element_type=\"widget\" data-e-type=\"widget\" data-widget_type=\"image.default\">\n\t\t\t\t\t\t\t\t\t\t\t\t\t\t\t<img decoding=\"async\" src=\"https:\/\/centredentaireied.ca\/wp-content\/uploads\/elementor\/thumbs\/footer-dentistryIcon-rjawlmvuw2c508jilwwcyvx2g6tlw92biwa1lqmiga.png\" title=\"\" alt=\"Centre Dentaire IED Implantologie Esth\u00e9tique Dentisterie G\u00e9n\u00e9rale Pierrefonds Montr\u00e9al Quebec Dentistes\" loading=\"lazy\" \/>\t\t\t\t\t\t\t\t\t\t\t\t\t\t\t<\/div>\n\t\t\t\t<div class=\"elementor-element elementor-element-596dd4d2 footer-upper-text elementor-widget elementor-widget-text-editor\" data-id=\"596dd4d2\" data-element_type=\"widget\" data-e-type=\"widget\" data-widget_type=\"text-editor.default\">\n\t\t\t\t\t\t\t\t\tDentisterie \u00e0<br>\nMontr\u00e9al\t\t\t\t\t\t\t\t<\/div>\n\t\t\t\t<\/a>\n\t\t<a class=\"elementor-element elementor-element-23a15350 e-con-full footer-upper-container e-flex e-con e-child\" data-id=\"23a15350\" data-element_type=\"container\" data-e-type=\"container\" href=\"https:\/\/centredentaireied.ca\/fr\/implantologie\/\">\n\t\t\t\t<div class=\"elementor-element elementor-element-6634f88 elementor-widget elementor-widget-image\" data-id=\"6634f88\" data-element_type=\"widget\" data-e-type=\"widget\" data-widget_type=\"image.default\">\n\t\t\t\t\t\t\t\t\t\t\t\t\t\t\t<img decoding=\"async\" src=\"https:\/\/centredentaireied.ca\/wp-content\/uploads\/elementor\/thumbs\/footer-implantIcon-rjawlmvuiwpbm5k95gdi1hfk7r8yjwhua2025wsc92.png\" title=\"\" alt=\"Centre Dentaire IED Implantologie Esth\u00e9tique Dentisterie G\u00e9n\u00e9rale Pierrefonds Montr\u00e9al Quebec Dentistes\" loading=\"lazy\" \/>\t\t\t\t\t\t\t\t\t\t\t\t\t\t\t<\/div>\n\t\t\t\t<div class=\"elementor-element elementor-element-69d356e2 footer-upper-text elementor-widget elementor-widget-text-editor\" data-id=\"69d356e2\" data-element_type=\"widget\" data-e-type=\"widget\" data-widget_type=\"text-editor.default\">\n\t\t\t\t\t\t\t\t\tImplantologie<br>\ndentaire \u00e0<br>montr\u00e9al\t\t\t\t\t\t\t\t<\/div>\n\t\t\t\t<\/a>\n\t\t<a class=\"elementor-element elementor-element-76c4acde e-con-full footer-upper-container e-flex e-con e-child\" data-id=\"76c4acde\" data-element_type=\"container\" data-e-type=\"container\" href=\"https:\/\/centredentaireied.ca\/fr\/nous-joindre\/\">\n\t\t\t\t<div class=\"elementor-element elementor-element-4cf0cadf elementor-widget elementor-widget-image\" data-id=\"4cf0cadf\" data-element_type=\"widget\" data-e-type=\"widget\" data-widget_type=\"image.default\">\n\t\t\t\t\t\t\t\t\t\t\t\t\t\t\t<img decoding=\"async\" src=\"https:\/\/centredentaireied.ca\/wp-content\/uploads\/elementor\/thumbs\/footer-contactUsIcon-rjawlly0nwxry6nlk4866x9k1as0ns0uotgc77jmzu.png\" title=\"\" alt=\"Centre Dentaire IED Implantologie Esth\u00e9tique Dentisterie G\u00e9n\u00e9rale Pierrefonds Montr\u00e9al Quebec Dentistes\" loading=\"lazy\" \/>\t\t\t\t\t\t\t\t\t\t\t\t\t\t\t<\/div>\n\t\t\t\t<div class=\"elementor-element elementor-element-559d0c0c footer-upper-text elementor-widget elementor-widget-text-editor\" data-id=\"559d0c0c\" data-element_type=\"widget\" data-e-type=\"widget\" data-widget_type=\"text-editor.default\">\n\t\t\t\t\t\t\t\t\t<p>Nous joindre<\/p>\t\t\t\t\t\t\t\t<\/div>\n\t\t\t\t<\/a>\n\t\t\t\t<\/div>\n\t\t<div class=\"elementor-element elementor-element-74ca303 e-con-full e-flex e-con e-child\" data-id=\"74ca303\" data-element_type=\"container\" data-e-type=\"container\">\n\t\t<div class=\"elementor-element elementor-element-7b559462 e-con-full e-flex e-con e-child\" data-id=\"7b559462\" data-element_type=\"container\" data-e-type=\"container\">\n\t\t\t\t<div class=\"elementor-element elementor-element-41d870b0 elementor-widget__width-initial elementor-widget elementor-widget-google_maps\" data-id=\"41d870b0\" data-element_type=\"widget\" data-e-type=\"widget\" data-widget_type=\"google_maps.default\">\n\t\t\t\t\t\t\t<div class=\"elementor-custom-embed\">\n\t\t\t<iframe loading=\"lazy\"\n\t\t\t\t\tsrc=\"https:\/\/maps.google.com\/maps?q=4849%20Bd%20Saint-Charles%2C%20Pierrefonds%20-%20Roxboro%2C%20QC%20H9H%203E4%2C%20Canada&#038;t=m&#038;z=14&#038;output=embed&#038;iwloc=near\"\n\t\t\t\t\ttitle=\"4849 Bd Saint-Charles, Pierrefonds - Roxboro, QC H9H 3E4, Canada\"\n\t\t\t\t\taria-label=\"4849 Bd Saint-Charles, Pierrefonds - Roxboro, QC H9H 3E4, Canada\"\n\t\t\t><\/iframe>\n\t\t<\/div>\n\t\t\t\t\t\t<\/div>\n\t\t<div class=\"elementor-element elementor-element-567f0eda e-con-full e-flex e-con e-child\" data-id=\"567f0eda\" data-element_type=\"container\" data-e-type=\"container\">\n\t\t\t\t<div class=\"elementor-element elementor-element-7bf0c0d0 elementor-widget elementor-widget-text-editor\" data-id=\"7bf0c0d0\" data-element_type=\"widget\" data-e-type=\"widget\" data-widget_type=\"text-editor.default\">\n\t\t\t\t\t\t\t\t\t<span style=\"color: #95b2d6; font-size: 20px; font-weight: 900;\">4849 Boulevard Saint-Charles<\/span>\nH9H 3E4, Pierrefonds, Qu\u00e9bec.\n\nT\u00e9l\u00e9phone: <a href=\"tel: 5146240390\">(514) 624-0390<\/a>\nFax: (514) 624-1140\n<a href=\"mailto: info@centredentaireied.ca\">info@centredentaireied.ca<\/a>\t\t\t\t\t\t\t\t<\/div>\n\t\t\t\t<\/div>\n\t\t\t\t<div class=\"elementor-element elementor-element-5db1a76b elementor-widget elementor-widget-button\" data-id=\"5db1a76b\" data-element_type=\"widget\" data-e-type=\"widget\" data-widget_type=\"button.default\">\n\t\t\t\t\t\t\t\t\t\t<a class=\"elementor-button elementor-button-link elementor-size-sm\" href=\"https:\/\/centredentaireied.ca\/fr\/nous-joindre\/\">\n\t\t\t\t\t\t<span class=\"elementor-button-content-wrapper\">\n\t\t\t\t\t\t\t\t\t<span class=\"elementor-button-text\">Nous joindre<\/span>\n\t\t\t\t\t<\/span>\n\t\t\t\t\t<\/a>\n\t\t\t\t\t\t\t\t<\/div>\n\t\t\t\t<\/div>\n\t\t<div class=\"elementor-element elementor-element-7330747a e-con-full e-flex e-con e-child\" data-id=\"7330747a\" data-element_type=\"container\" data-e-type=\"container\">\n\t\t\t\t<div class=\"elementor-element elementor-element-f287e97 elementor-widget__width-initial elementor-widget elementor-widget-text-editor\" data-id=\"f287e97\" data-element_type=\"widget\" data-e-type=\"widget\" data-widget_type=\"text-editor.default\">\n\t\t\t\t\t\t\t\t\t<p><a href=\"https:\/\/centredentaireied.ca\/fr\/nouveau-patient\/\">Nouveau patient<\/a><\/p><p><a href=\"https:\/\/centredentaireied.ca\/fr\/territoires-desservis\/\">Territoires desservis<\/a><\/p><p><a href=\"https:\/\/centredentaireied.ca\/fr\/politique-securite\/\">Politique de s\u00e9curit\u00e9<\/a><\/p><p><a href=\"https:\/\/centredentaireied.ca\/fr\/plan-du-site\/\">Plan du site<\/a><\/p>\t\t\t\t\t\t\t\t<\/div>\n\t\t\t\t<\/div>\n\t\t\t\t<\/div>\n\t\t\t\t<div class=\"elementor-element elementor-element-191a76db elementor-widget-divider--view-line elementor-widget elementor-widget-divider\" data-id=\"191a76db\" data-element_type=\"widget\" data-e-type=\"widget\" data-widget_type=\"divider.default\">\n\t\t\t\t\t\t\t<div class=\"elementor-divider\">\n\t\t\t<span class=\"elementor-divider-separator\">\n\t\t\t\t\t\t<\/span>\n\t\t<\/div>\n\t\t\t\t\t\t<\/div>\n\t\t<div class=\"elementor-element elementor-element-76f4b069 e-con-full e-flex e-con e-child\" data-id=\"76f4b069\" data-element_type=\"container\" data-e-type=\"container\">\n\t\t\t\t<div class=\"elementor-element elementor-element-7bcbc164 elementor-widget elementor-widget-text-editor\" data-id=\"7bcbc164\" data-element_type=\"widget\" data-e-type=\"widget\" data-widget_type=\"text-editor.default\">\n\t\t\t\t\t\t\t\t\t\u00a9 2026 <strong>Centre Dentaire IED<\/strong>. Tous droits r\u00e9serv\u00e9s.\t\t\t\t\t\t\t\t<\/div>\n\t\t\t\t<\/div>\n\t\t\t\t\t<\/div>\n\t\t\t\t<\/div>\n\t\t\t\t<\/div>\n\t\t","protected":false},"excerpt":{"rendered":"<p>DENTISTE PR\u00c8S DE LAVAL Histoire du centre dentaire pr\u00e8s de Laval En activit\u00e9 depuis 30 ans, le Centre dentaire IED s\u2019est b\u00e2ti une solide r\u00e9putation dans la r\u00e9gion de Laval, bas\u00e9e sur ses services sp\u00e9cialis\u00e9s en implantologie et sur ses services de dentisterie g\u00e9n\u00e9rale. Services offerts par la cabinet dentaire Le Centre dentaire IED se<\/p>\n","protected":false},"author":1,"featured_media":0,"parent":0,"menu_order":0,"comment_status":"closed","ping_status":"closed","template":"","meta":{"_acf_changed":false,"footnotes":""},"class_list":["post-4959","page","type-page","status-publish","hentry"],"acf":[],"yoast_head":"<!-- This site is optimized with the Yoast SEO plugin v27.3 - https:\/\/yoast.com\/product\/yoast-seo-wordpress\/ -->\n<title>Dentiste pr\u00e8s de Laval | Centre dentaire IED Pierrefonds<\/title>\n<meta name=\"description\" content=\"Vous cherchez un dentiste pr\u00e8s de Laval? Le Centre dentaire IED \u00e0 Pierrefonds offre implantologie, dentisterie g\u00e9n\u00e9rale et soins esth\u00e9tiques.\" \/>\n<meta name=\"robots\" content=\"index, follow, max-snippet:-1, max-image-preview:large, max-video-preview:-1\" \/>\n<link rel=\"canonical\" href=\"https:\/\/centredentaireied.ca\/148-dentist-laval\/\" \/>\n<meta property=\"og:locale\" content=\"fr_FR\" \/>\n<meta property=\"og:type\" content=\"article\" \/>\n<meta property=\"og:title\" content=\"Dentiste pr\u00e8s de Laval | Centre dentaire IED Pierrefonds\" \/>\n<meta property=\"og:description\" content=\"Vous cherchez un dentiste pr\u00e8s de Laval? Le Centre dentaire IED \u00e0 Pierrefonds offre implantologie, dentisterie g\u00e9n\u00e9rale et soins esth\u00e9tiques.\" \/>\n<meta property=\"og:url\" content=\"https:\/\/centredentaireied.ca\/148-dentist-laval\/\" \/>\n<meta property=\"og:site_name\" content=\"Centre Dentaire IED | Implants, Esthetics &amp; General Dentistry in Pierrefonds\" \/>\n<meta property=\"article:modified_time\" content=\"2026-03-16T16:21:23+00:00\" \/>\n<meta property=\"og:image\" content=\"https:\/\/centredentaireied.ca\/wp-content\/uploads\/2026\/02\/tech-banner.png\" \/>\n\t<meta property=\"og:image:width\" content=\"980\" \/>\n\t<meta property=\"og:image:height\" content=\"200\" \/>\n\t<meta property=\"og:image:type\" content=\"image\/png\" \/>\n<meta name=\"twitter:card\" content=\"summary_large_image\" \/>\n<meta name=\"twitter:label1\" content=\"Dur\u00e9e de lecture estim\u00e9e\" \/>\n\t<meta name=\"twitter:data1\" content=\"2 minutes\" \/>\n<script type=\"application\/ld+json\" class=\"yoast-schema-graph\">{\"@context\":\"https:\\\/\\\/schema.org\",\"@graph\":[{\"@type\":\"WebPage\",\"@id\":\"https:\\\/\\\/centredentaireied.ca\\\/148-dentist-laval\\\/\",\"url\":\"https:\\\/\\\/centredentaireied.ca\\\/148-dentist-laval\\\/\",\"name\":\"Dentiste pr\u00e8s de Laval | Centre dentaire IED Pierrefonds\",\"isPartOf\":{\"@id\":\"https:\\\/\\\/centredentaireied.ca\\\/#website\"},\"primaryImageOfPage\":{\"@id\":\"https:\\\/\\\/centredentaireied.ca\\\/148-dentist-laval\\\/#primaryimage\"},\"image\":{\"@id\":\"https:\\\/\\\/centredentaireied.ca\\\/148-dentist-laval\\\/#primaryimage\"},\"thumbnailUrl\":\"https:\\\/\\\/centredentaireied.ca\\\/wp-content\\\/uploads\\\/2026\\\/02\\\/tech-banner.png\",\"datePublished\":\"2026-02-26T16:26:24+00:00\",\"dateModified\":\"2026-03-16T16:21:23+00:00\",\"description\":\"Vous cherchez un dentiste pr\u00e8s de Laval? Le Centre dentaire IED \u00e0 Pierrefonds offre implantologie, dentisterie g\u00e9n\u00e9rale et soins esth\u00e9tiques.\",\"breadcrumb\":{\"@id\":\"https:\\\/\\\/centredentaireied.ca\\\/148-dentist-laval\\\/#breadcrumb\"},\"inLanguage\":\"fr-FR\",\"potentialAction\":[{\"@type\":\"ReadAction\",\"target\":[\"https:\\\/\\\/centredentaireied.ca\\\/148-dentist-laval\\\/\"]}]},{\"@type\":\"ImageObject\",\"inLanguage\":\"fr-FR\",\"@id\":\"https:\\\/\\\/centredentaireied.ca\\\/148-dentist-laval\\\/#primaryimage\",\"url\":\"https:\\\/\\\/centredentaireied.ca\\\/wp-content\\\/uploads\\\/2026\\\/02\\\/tech-banner.png\",\"contentUrl\":\"https:\\\/\\\/centredentaireied.ca\\\/wp-content\\\/uploads\\\/2026\\\/02\\\/tech-banner.png\"},{\"@type\":\"BreadcrumbList\",\"@id\":\"https:\\\/\\\/centredentaireied.ca\\\/148-dentist-laval\\\/#breadcrumb\",\"itemListElement\":[{\"@type\":\"ListItem\",\"position\":1,\"name\":\"Home\",\"item\":\"https:\\\/\\\/centredentaireied.ca\\\/\"},{\"@type\":\"ListItem\",\"position\":2,\"name\":\"148 Dentiste laval\"}]},{\"@type\":\"WebSite\",\"@id\":\"https:\\\/\\\/centredentaireied.ca\\\/#website\",\"url\":\"https:\\\/\\\/centredentaireied.ca\\\/\",\"name\":\"Centre Dentaire IED\",\"description\":\"Implant, Esthetic &amp; General Dentistry in Pierrefonds\",\"publisher\":{\"@id\":\"https:\\\/\\\/centredentaireied.ca\\\/#organization\"},\"potentialAction\":[{\"@type\":\"SearchAction\",\"target\":{\"@type\":\"EntryPoint\",\"urlTemplate\":\"https:\\\/\\\/centredentaireied.ca\\\/?s={search_term_string}\"},\"query-input\":{\"@type\":\"PropertyValueSpecification\",\"valueRequired\":true,\"valueName\":\"search_term_string\"}}],\"inLanguage\":\"fr-FR\"},{\"@type\":\"Organization\",\"@id\":\"https:\\\/\\\/centredentaireied.ca\\\/#organization\",\"name\":\"Centre Dentaire IED\",\"url\":\"https:\\\/\\\/centredentaireied.ca\\\/\",\"logo\":{\"@type\":\"ImageObject\",\"inLanguage\":\"fr-FR\",\"@id\":\"https:\\\/\\\/centredentaireied.ca\\\/#\\\/schema\\\/logo\\\/image\\\/\",\"url\":\"https:\\\/\\\/centredentaireied.ca\\\/wp-content\\\/uploads\\\/2026\\\/03\\\/Centre-Dentaire-IED-logo-small.png\",\"contentUrl\":\"https:\\\/\\\/centredentaireied.ca\\\/wp-content\\\/uploads\\\/2026\\\/03\\\/Centre-Dentaire-IED-logo-small.png\",\"width\":900,\"height\":300,\"caption\":\"Centre Dentaire IED\"},\"image\":{\"@id\":\"https:\\\/\\\/centredentaireied.ca\\\/#\\\/schema\\\/logo\\\/image\\\/\"}}]}<\/script>\n<!-- \/ Yoast SEO plugin. -->","yoast_head_json":{"title":"Dentiste pr\u00e8s de Laval | Centre dentaire IED Pierrefonds","description":"Vous cherchez un dentiste pr\u00e8s de Laval? Le Centre dentaire IED \u00e0 Pierrefonds offre implantologie, dentisterie g\u00e9n\u00e9rale et soins esth\u00e9tiques.","robots":{"index":"index","follow":"follow","max-snippet":"max-snippet:-1","max-image-preview":"max-image-preview:large","max-video-preview":"max-video-preview:-1"},"canonical":"https:\/\/centredentaireied.ca\/148-dentist-laval\/","og_locale":"fr_FR","og_type":"article","og_title":"Dentiste pr\u00e8s de Laval | Centre dentaire IED Pierrefonds","og_description":"Vous cherchez un dentiste pr\u00e8s de Laval? Le Centre dentaire IED \u00e0 Pierrefonds offre implantologie, dentisterie g\u00e9n\u00e9rale et soins esth\u00e9tiques.","og_url":"https:\/\/centredentaireied.ca\/148-dentist-laval\/","og_site_name":"Centre Dentaire IED | Implants, Esthetics &amp; General Dentistry in Pierrefonds","article_modified_time":"2026-03-16T16:21:23+00:00","og_image":[{"width":980,"height":200,"url":"https:\/\/centredentaireied.ca\/wp-content\/uploads\/2026\/02\/tech-banner.png","type":"image\/png"}],"twitter_card":"summary_large_image","twitter_misc":{"Dur\u00e9e de lecture estim\u00e9e":"2 minutes"},"schema":{"@context":"https:\/\/schema.org","@graph":[{"@type":"WebPage","@id":"https:\/\/centredentaireied.ca\/148-dentist-laval\/","url":"https:\/\/centredentaireied.ca\/148-dentist-laval\/","name":"Dentiste pr\u00e8s de Laval | Centre dentaire IED Pierrefonds","isPartOf":{"@id":"https:\/\/centredentaireied.ca\/#website"},"primaryImageOfPage":{"@id":"https:\/\/centredentaireied.ca\/148-dentist-laval\/#primaryimage"},"image":{"@id":"https:\/\/centredentaireied.ca\/148-dentist-laval\/#primaryimage"},"thumbnailUrl":"https:\/\/centredentaireied.ca\/wp-content\/uploads\/2026\/02\/tech-banner.png","datePublished":"2026-02-26T16:26:24+00:00","dateModified":"2026-03-16T16:21:23+00:00","description":"Vous cherchez un dentiste pr\u00e8s de Laval? Le Centre dentaire IED \u00e0 Pierrefonds offre implantologie, dentisterie g\u00e9n\u00e9rale et soins esth\u00e9tiques.","breadcrumb":{"@id":"https:\/\/centredentaireied.ca\/148-dentist-laval\/#breadcrumb"},"inLanguage":"fr-FR","potentialAction":[{"@type":"ReadAction","target":["https:\/\/centredentaireied.ca\/148-dentist-laval\/"]}]},{"@type":"ImageObject","inLanguage":"fr-FR","@id":"https:\/\/centredentaireied.ca\/148-dentist-laval\/#primaryimage","url":"https:\/\/centredentaireied.ca\/wp-content\/uploads\/2026\/02\/tech-banner.png","contentUrl":"https:\/\/centredentaireied.ca\/wp-content\/uploads\/2026\/02\/tech-banner.png"},{"@type":"BreadcrumbList","@id":"https:\/\/centredentaireied.ca\/148-dentist-laval\/#breadcrumb","itemListElement":[{"@type":"ListItem","position":1,"name":"Home","item":"https:\/\/centredentaireied.ca\/"},{"@type":"ListItem","position":2,"name":"148 Dentiste laval"}]},{"@type":"WebSite","@id":"https:\/\/centredentaireied.ca\/#website","url":"https:\/\/centredentaireied.ca\/","name":"Centre Dentaire IED","description":"Implant, Esthetic &amp; General Dentistry in Pierrefonds","publisher":{"@id":"https:\/\/centredentaireied.ca\/#organization"},"potentialAction":[{"@type":"SearchAction","target":{"@type":"EntryPoint","urlTemplate":"https:\/\/centredentaireied.ca\/?s={search_term_string}"},"query-input":{"@type":"PropertyValueSpecification","valueRequired":true,"valueName":"search_term_string"}}],"inLanguage":"fr-FR"},{"@type":"Organization","@id":"https:\/\/centredentaireied.ca\/#organization","name":"Centre Dentaire IED","url":"https:\/\/centredentaireied.ca\/","logo":{"@type":"ImageObject","inLanguage":"fr-FR","@id":"https:\/\/centredentaireied.ca\/#\/schema\/logo\/image\/","url":"https:\/\/centredentaireied.ca\/wp-content\/uploads\/2026\/03\/Centre-Dentaire-IED-logo-small.png","contentUrl":"https:\/\/centredentaireied.ca\/wp-content\/uploads\/2026\/03\/Centre-Dentaire-IED-logo-small.png","width":900,"height":300,"caption":"Centre Dentaire IED"},"image":{"@id":"https:\/\/centredentaireied.ca\/#\/schema\/logo\/image\/"}}]}},"featured_image_src":null,"featured_image_src_square":null,"_links":{"self":[{"href":"https:\/\/centredentaireied.ca\/fr\/wp-json\/wp\/v2\/pages\/4959","targetHints":{"allow":["GET"]}}],"collection":[{"href":"https:\/\/centredentaireied.ca\/fr\/wp-json\/wp\/v2\/pages"}],"about":[{"href":"https:\/\/centredentaireied.ca\/fr\/wp-json\/wp\/v2\/types\/page"}],"author":[{"embeddable":true,"href":"https:\/\/centredentaireied.ca\/fr\/wp-json\/wp\/v2\/users\/1"}],"replies":[{"embeddable":true,"href":"https:\/\/centredentaireied.ca\/fr\/wp-json\/wp\/v2\/comments?post=4959"}],"version-history":[{"count":0,"href":"https:\/\/centredentaireied.ca\/fr\/wp-json\/wp\/v2\/pages\/4959\/revisions"}],"wp:attachment":[{"href":"https:\/\/centredentaireied.ca\/fr\/wp-json\/wp\/v2\/media?parent=4959"}],"curies":[{"name":"wp","href":"https:\/\/api.w.org\/{rel}","templated":true}]}}