{"id":4932,"date":"2026-02-26T10:32:11","date_gmt":"2026-02-26T15:32:11","guid":{"rendered":"https:\/\/centredentaireied.ca\/?page_id=4932"},"modified":"2026-03-16T11:10:22","modified_gmt":"2026-03-16T16:10:22","slug":"118-dentiste-beaconsfield","status":"publish","type":"page","link":"https:\/\/centredentaireied.ca\/fr\/118-dentiste-beaconsfield\/","title":{"rendered":"118 Dentiste beaconsfield"},"content":{"rendered":"\t\t<div data-elementor-type=\"wp-page\" data-elementor-id=\"4932\" class=\"elementor elementor-4932 elementor-4926\" data-elementor-post-type=\"page\">\n\t\t\t\t<div class=\"elementor-element elementor-element-4f1f532a e-flex e-con-boxed e-con e-parent\" data-id=\"4f1f532a\" data-element_type=\"container\" data-e-type=\"container\">\n\t\t\t\t\t<div class=\"e-con-inner\">\n\t\t\t\t<div class=\"elementor-element elementor-element-45d15a14 elementor-widget__width-inherit elementor-widget elementor-widget-image\" data-id=\"45d15a14\" data-element_type=\"widget\" data-e-type=\"widget\" data-widget_type=\"image.default\">\n\t\t\t\t\t\t\t\t\t\t\t\t\t\t\t<img fetchpriority=\"high\" decoding=\"async\" width=\"980\" height=\"200\" src=\"https:\/\/centredentaireied.ca\/wp-content\/uploads\/2026\/02\/tech-banner.png\" class=\"attachment-large size-large wp-image-4895\" alt=\"Centre Dentaire IED Implantologie Esth\u00e9tique Dentisterie G\u00e9n\u00e9rale Pierrefonds Montr\u00e9al Quebec Dentistes\" srcset=\"https:\/\/centredentaireied.ca\/wp-content\/uploads\/2026\/02\/tech-banner.png 980w, https:\/\/centredentaireied.ca\/wp-content\/uploads\/2026\/02\/tech-banner-300x61.png 300w, https:\/\/centredentaireied.ca\/wp-content\/uploads\/2026\/02\/tech-banner-768x157.png 768w\" sizes=\"(max-width: 980px) 100vw, 980px\" \/>\t\t\t\t\t\t\t\t\t\t\t\t\t\t\t<\/div>\n\t\t<div class=\"elementor-element elementor-element-61e0b9f5 e-con-full e-flex e-con e-child\" data-id=\"61e0b9f5\" data-element_type=\"container\" data-e-type=\"container\">\n\t\t\t\t<div class=\"elementor-element elementor-element-31c6aa7f elementor-widget elementor-widget-heading\" data-id=\"31c6aa7f\" data-element_type=\"widget\" data-e-type=\"widget\" data-widget_type=\"heading.default\">\n\t\t\t\t\t<h1 class=\"elementor-heading-title elementor-size-default\">CLINIQUE DENTAIRE POUR LES HABITANTS DE BEACONSFIELD<\/h1>\t\t\t\t<\/div>\n\t\t\t\t<div class=\"elementor-element elementor-element-7a2aa727 elementor-widget-divider--view-line elementor-widget elementor-widget-divider\" data-id=\"7a2aa727\" data-element_type=\"widget\" data-e-type=\"widget\" data-widget_type=\"divider.default\">\n\t\t\t\t\t\t\t<div class=\"elementor-divider\">\n\t\t\t<span class=\"elementor-divider-separator\">\n\t\t\t\t\t\t<\/span>\n\t\t<\/div>\n\t\t\t\t\t\t<\/div>\n\t\t<div class=\"elementor-element elementor-element-43638e5d e-con-full e-flex e-con e-child\" data-id=\"43638e5d\" data-element_type=\"container\" data-e-type=\"container\">\n\t\t<div class=\"elementor-element elementor-element-711b2c09 e-con-full e-flex e-con e-child\" data-id=\"711b2c09\" data-element_type=\"container\" data-e-type=\"container\">\n\t\t\t\t<div class=\"elementor-element elementor-element-13678293 elementor-widget elementor-widget-heading\" data-id=\"13678293\" data-element_type=\"widget\" data-e-type=\"widget\" data-widget_type=\"heading.default\">\n\t\t\t\t\t<h2 class=\"elementor-heading-title elementor-size-default\">Histoire du centre dentaire pr\u00e8s de Beaconsfield<\/h2>\t\t\t\t<\/div>\n\t\t\t\t<div class=\"elementor-element elementor-element-363ba4aa elementor-widget elementor-widget-text-editor\" data-id=\"363ba4aa\" data-element_type=\"widget\" data-e-type=\"widget\" data-widget_type=\"text-editor.default\">\n\t\t\t\t\t\t\t\t\t<p>En op\u00e9ration dans le West Island de Montr\u00e9al depuis 1987, le Centre dentaire IED s\u2019est b\u00e2ti une solide r\u00e9putation sur ce territoire. Notre clinique dentaire accueille une client\u00e8le provenant, entre autres, de Beaconsfield et de ses environs.<\/p>\t\t\t\t\t\t\t\t<\/div>\n\t\t\t\t<div class=\"elementor-element elementor-element-7ad609ec elementor-widget elementor-widget-heading\" data-id=\"7ad609ec\" data-element_type=\"widget\" data-e-type=\"widget\" data-widget_type=\"heading.default\">\n\t\t\t\t\t<h2 class=\"elementor-heading-title elementor-size-default\">Services offerts par nos dentistes<\/h2>\t\t\t\t<\/div>\n\t\t\t\t<div class=\"elementor-element elementor-element-537360d8 elementor-widget elementor-widget-text-editor\" data-id=\"537360d8\" data-element_type=\"widget\" data-e-type=\"widget\" data-widget_type=\"text-editor.default\">\n\t\t\t\t\t\t\t\t\t<p>Le Centre dentaire IED est une r\u00e9f\u00e9rence dans le domaine de l\u2019implantologie dentaire \u00e0 Montr\u00e9al. B\u00e9n\u00e9ficiant d\u2019une expertise unique au Qu\u00e9bec, notre centre dentaire est un pionnier dans tous les services d\u2019implantologie. Nous offrons les soins complets d\u2019implants dentaires, comprenant les implants \u00e0 vis et non viss\u00e9s, de m\u00eame que le protocole de <a href=\"https:\/\/www.centredentaireied.ca\/fr\/all-on-4-implants-dentaires\/\">traitement\u00a0<em>All-on-4<\/em>.<\/a><\/p><p>En plus de notre sp\u00e9cialisation en implantologie, notre clinique offre aussi la gamme compl\u00e8te de services de dentisterie g\u00e9n\u00e9rale. Nous nous ferons un plaisir de vous conseiller sur des traitements tels que le blanchiment dentaire ZOOM, le\u00a0<a href=\"https:\/\/www.centredentaireied.ca\/fr\/traitement-de-canal\/\">traitement de canal<\/a>, l\u2019extraction de dents de sagesse et plus encore.<\/p><p>Les r\u00e9sidents de Beaconsfield font confiance \u00e0 l\u2019expertise de le Centre dentaire IED depuis 30 ans. Qu\u2019attendez-vous pour <a href=\"https:\/\/www.centredentaireied.ca\/fr\/nous-joindre\/\" target=\"_blank\" rel=\"noopener\">prende un rendez-vous<\/a>?<\/p><p>\u2190\u00a0<a href=\"https:\/\/www.centredentaireied.ca\/fr\/territoires-desservis\/\">Retour \u00e0 la liste<\/a><\/p>\t\t\t\t\t\t\t\t<\/div>\n\t\t\t\t<\/div>\n\t\t\t\t<div class=\"elementor-element elementor-element-4a03282a elementor-widget elementor-widget-google_maps\" data-id=\"4a03282a\" data-element_type=\"widget\" data-e-type=\"widget\" data-widget_type=\"google_maps.default\">\n\t\t\t\t\t\t\t<div class=\"elementor-custom-embed\">\n\t\t\t<iframe loading=\"lazy\"\n\t\t\t\t\tsrc=\"https:\/\/maps.google.com\/maps?q=4849%20Bd%20Saint-Charles%2C%20Pierrefonds%20-%20Roxboro%2C%20QC%20H9H%203E4%2C%20Canada&#038;t=m&#038;z=14&#038;output=embed&#038;iwloc=near\"\n\t\t\t\t\ttitle=\"4849 Bd Saint-Charles, Pierrefonds - Roxboro, QC H9H 3E4, Canada\"\n\t\t\t\t\taria-label=\"4849 Bd Saint-Charles, Pierrefonds - Roxboro, QC H9H 3E4, Canada\"\n\t\t\t><\/iframe>\n\t\t<\/div>\n\t\t\t\t\t\t<\/div>\n\t\t\t\t<\/div>\n\t\t\t\t<\/div>\n\t\t\t\t\t<\/div>\n\t\t\t\t<\/div>\n\t\t<div class=\"elementor-element elementor-element-2ac7f690 e-flex e-con-boxed e-con e-parent\" data-id=\"2ac7f690\" data-element_type=\"container\" data-e-type=\"container\">\n\t\t\t\t\t<div class=\"e-con-inner\">\n\t\t<div class=\"elementor-element elementor-element-482607c3 e-con-full e-flex e-con e-child\" data-id=\"482607c3\" data-element_type=\"container\" data-e-type=\"container\">\n\t\t<a class=\"elementor-element elementor-element-2e6b0cf9 e-con-full footer-upper-container e-flex e-con e-child\" data-id=\"2e6b0cf9\" data-element_type=\"container\" data-e-type=\"container\" data-settings=\"{&quot;background_background&quot;:&quot;classic&quot;}\" href=\"https:\/\/centredentaireied.ca\/fr\/nouveau-patient\/\">\n\t\t\t\t<div class=\"elementor-element elementor-element-1b6f81f0 elementor-widget elementor-widget-image\" data-id=\"1b6f81f0\" data-element_type=\"widget\" data-e-type=\"widget\" data-widget_type=\"image.default\">\n\t\t\t\t\t\t\t\t\t\t\t\t\t\t\t<img decoding=\"async\" src=\"https:\/\/centredentaireied.ca\/wp-content\/uploads\/elementor\/thumbs\/footer-newPatientsIcon-rjawlntp5j3l03iylr818l7xhitnv5rfonqcjuosxg.png\" title=\"\" alt=\"Centre Dentaire IED Implantologie Esth\u00e9tique Dentisterie G\u00e9n\u00e9rale Pierrefonds Montr\u00e9al Quebec Dentistes\" loading=\"lazy\" \/>\t\t\t\t\t\t\t\t\t\t\t\t\t\t\t<\/div>\n\t\t\t\t<div class=\"elementor-element elementor-element-5f279cae footer-upper-text elementor-widget elementor-widget-text-editor\" data-id=\"5f279cae\" data-element_type=\"widget\" data-e-type=\"widget\" data-widget_type=\"text-editor.default\">\n\t\t\t\t\t\t\t\t\t<p>Nouveaux<br \/>patients<\/p>\t\t\t\t\t\t\t\t<\/div>\n\t\t\t\t<\/a>\n\t\t<a class=\"elementor-element elementor-element-2e63e19a e-con-full footer-upper-container e-flex e-con e-child\" data-id=\"2e63e19a\" data-element_type=\"container\" data-e-type=\"container\" href=\"https:\/\/centredentaireied.ca\/fr\/services-dentisterie\/\">\n\t\t\t\t<div class=\"elementor-element elementor-element-a9930db elementor-widget elementor-widget-image\" data-id=\"a9930db\" data-element_type=\"widget\" data-e-type=\"widget\" data-widget_type=\"image.default\">\n\t\t\t\t\t\t\t\t\t\t\t\t\t\t\t<img decoding=\"async\" src=\"https:\/\/centredentaireied.ca\/wp-content\/uploads\/elementor\/thumbs\/footer-dentistryIcon-rjawlmvuw2c508jilwwcyvx2g6tlw92biwa1lqmiga.png\" title=\"\" alt=\"Centre Dentaire IED Implantologie Esth\u00e9tique Dentisterie G\u00e9n\u00e9rale Pierrefonds Montr\u00e9al Quebec Dentistes\" loading=\"lazy\" \/>\t\t\t\t\t\t\t\t\t\t\t\t\t\t\t<\/div>\n\t\t\t\t<div class=\"elementor-element elementor-element-6c042e81 footer-upper-text elementor-widget elementor-widget-text-editor\" data-id=\"6c042e81\" data-element_type=\"widget\" data-e-type=\"widget\" data-widget_type=\"text-editor.default\">\n\t\t\t\t\t\t\t\t\tDentisterie \u00e0<br>\nMontr\u00e9al\t\t\t\t\t\t\t\t<\/div>\n\t\t\t\t<\/a>\n\t\t<a class=\"elementor-element elementor-element-6c049b4b e-con-full footer-upper-container e-flex e-con e-child\" data-id=\"6c049b4b\" data-element_type=\"container\" data-e-type=\"container\" href=\"https:\/\/centredentaireied.ca\/fr\/implantologie\/\">\n\t\t\t\t<div class=\"elementor-element elementor-element-4b244447 elementor-widget elementor-widget-image\" data-id=\"4b244447\" data-element_type=\"widget\" data-e-type=\"widget\" data-widget_type=\"image.default\">\n\t\t\t\t\t\t\t\t\t\t\t\t\t\t\t<img decoding=\"async\" src=\"https:\/\/centredentaireied.ca\/wp-content\/uploads\/elementor\/thumbs\/footer-implantIcon-rjawlmvuiwpbm5k95gdi1hfk7r8yjwhua2025wsc92.png\" title=\"\" alt=\"Centre Dentaire IED Implantologie Esth\u00e9tique Dentisterie G\u00e9n\u00e9rale Pierrefonds Montr\u00e9al Quebec Dentistes\" loading=\"lazy\" \/>\t\t\t\t\t\t\t\t\t\t\t\t\t\t\t<\/div>\n\t\t\t\t<div class=\"elementor-element elementor-element-ceb6946 footer-upper-text elementor-widget elementor-widget-text-editor\" data-id=\"ceb6946\" data-element_type=\"widget\" data-e-type=\"widget\" data-widget_type=\"text-editor.default\">\n\t\t\t\t\t\t\t\t\tImplantologie<br>\ndentaire \u00e0<br>montr\u00e9al\t\t\t\t\t\t\t\t<\/div>\n\t\t\t\t<\/a>\n\t\t<a class=\"elementor-element elementor-element-52e603eb e-con-full footer-upper-container e-flex e-con e-child\" data-id=\"52e603eb\" data-element_type=\"container\" data-e-type=\"container\" href=\"https:\/\/centredentaireied.ca\/fr\/nous-joindre\/\">\n\t\t\t\t<div class=\"elementor-element elementor-element-ac034da elementor-widget elementor-widget-image\" data-id=\"ac034da\" data-element_type=\"widget\" data-e-type=\"widget\" data-widget_type=\"image.default\">\n\t\t\t\t\t\t\t\t\t\t\t\t\t\t\t<img decoding=\"async\" src=\"https:\/\/centredentaireied.ca\/wp-content\/uploads\/elementor\/thumbs\/footer-contactUsIcon-rjawlly0nwxry6nlk4866x9k1as0ns0uotgc77jmzu.png\" title=\"\" alt=\"Centre Dentaire IED Implantologie Esth\u00e9tique Dentisterie G\u00e9n\u00e9rale Pierrefonds Montr\u00e9al Quebec Dentistes\" loading=\"lazy\" \/>\t\t\t\t\t\t\t\t\t\t\t\t\t\t\t<\/div>\n\t\t\t\t<div class=\"elementor-element elementor-element-78587b97 footer-upper-text elementor-widget elementor-widget-text-editor\" data-id=\"78587b97\" data-element_type=\"widget\" data-e-type=\"widget\" data-widget_type=\"text-editor.default\">\n\t\t\t\t\t\t\t\t\t<p>Nous joindre<\/p>\t\t\t\t\t\t\t\t<\/div>\n\t\t\t\t<\/a>\n\t\t\t\t<\/div>\n\t\t<div class=\"elementor-element elementor-element-728989f3 e-con-full e-flex e-con e-child\" data-id=\"728989f3\" data-element_type=\"container\" data-e-type=\"container\">\n\t\t<div class=\"elementor-element elementor-element-a7a8b6c e-con-full e-flex e-con e-child\" data-id=\"a7a8b6c\" data-element_type=\"container\" data-e-type=\"container\">\n\t\t\t\t<div class=\"elementor-element elementor-element-19553925 elementor-widget__width-initial elementor-widget elementor-widget-google_maps\" data-id=\"19553925\" data-element_type=\"widget\" data-e-type=\"widget\" data-widget_type=\"google_maps.default\">\n\t\t\t\t\t\t\t<div class=\"elementor-custom-embed\">\n\t\t\t<iframe loading=\"lazy\"\n\t\t\t\t\tsrc=\"https:\/\/maps.google.com\/maps?q=4849%20Bd%20Saint-Charles%2C%20Pierrefonds%20-%20Roxboro%2C%20QC%20H9H%203E4%2C%20Canada&#038;t=m&#038;z=14&#038;output=embed&#038;iwloc=near\"\n\t\t\t\t\ttitle=\"4849 Bd Saint-Charles, Pierrefonds - Roxboro, QC H9H 3E4, Canada\"\n\t\t\t\t\taria-label=\"4849 Bd Saint-Charles, Pierrefonds - Roxboro, QC H9H 3E4, Canada\"\n\t\t\t><\/iframe>\n\t\t<\/div>\n\t\t\t\t\t\t<\/div>\n\t\t<div class=\"elementor-element elementor-element-64945a2b e-con-full e-flex e-con e-child\" data-id=\"64945a2b\" data-element_type=\"container\" data-e-type=\"container\">\n\t\t\t\t<div class=\"elementor-element elementor-element-43cded5c elementor-widget elementor-widget-text-editor\" data-id=\"43cded5c\" data-element_type=\"widget\" data-e-type=\"widget\" data-widget_type=\"text-editor.default\">\n\t\t\t\t\t\t\t\t\t<span style=\"color: #95b2d6; font-size: 20px; font-weight: 900;\">4849 Boulevard Saint-Charles<\/span>\nH9H 3E4, Pierrefonds, Qu\u00e9bec.\n\nT\u00e9l\u00e9phone: <a href=\"tel: 5146240390\">(514) 624-0390<\/a>\nFax: (514) 624-1140\n<a href=\"mailto: info@centredentaireied.ca\">info@centredentaireied.ca<\/a>\t\t\t\t\t\t\t\t<\/div>\n\t\t\t\t<\/div>\n\t\t\t\t<div class=\"elementor-element elementor-element-3a753b8e elementor-widget elementor-widget-button\" data-id=\"3a753b8e\" data-element_type=\"widget\" data-e-type=\"widget\" data-widget_type=\"button.default\">\n\t\t\t\t\t\t\t\t\t\t<a class=\"elementor-button elementor-button-link elementor-size-sm\" href=\"https:\/\/centredentaireied.ca\/fr\/nous-joindre\/\">\n\t\t\t\t\t\t<span class=\"elementor-button-content-wrapper\">\n\t\t\t\t\t\t\t\t\t<span class=\"elementor-button-text\">Nous joindre<\/span>\n\t\t\t\t\t<\/span>\n\t\t\t\t\t<\/a>\n\t\t\t\t\t\t\t\t<\/div>\n\t\t\t\t<\/div>\n\t\t<div class=\"elementor-element elementor-element-4f96527b e-con-full e-flex e-con e-child\" data-id=\"4f96527b\" data-element_type=\"container\" data-e-type=\"container\">\n\t\t\t\t<div class=\"elementor-element elementor-element-ffeb60d elementor-widget__width-initial elementor-widget elementor-widget-text-editor\" data-id=\"ffeb60d\" data-element_type=\"widget\" data-e-type=\"widget\" data-widget_type=\"text-editor.default\">\n\t\t\t\t\t\t\t\t\t<p><a href=\"https:\/\/centredentaireied.ca\/fr\/nouveau-patient\/\">Nouveau patient<\/a><\/p><p><a href=\"https:\/\/centredentaireied.ca\/fr\/territoires-desservis\/\">Territoires desservis<\/a><\/p><p><a href=\"https:\/\/centredentaireied.ca\/fr\/politique-securite\/\">Politique de s\u00e9curit\u00e9<\/a><\/p><p><a href=\"https:\/\/centredentaireied.ca\/fr\/plan-du-site\/\">Plan du site<\/a><\/p>\t\t\t\t\t\t\t\t<\/div>\n\t\t\t\t<\/div>\n\t\t\t\t<\/div>\n\t\t\t\t<div class=\"elementor-element elementor-element-7cdefad4 elementor-widget-divider--view-line elementor-widget elementor-widget-divider\" data-id=\"7cdefad4\" data-element_type=\"widget\" data-e-type=\"widget\" data-widget_type=\"divider.default\">\n\t\t\t\t\t\t\t<div class=\"elementor-divider\">\n\t\t\t<span class=\"elementor-divider-separator\">\n\t\t\t\t\t\t<\/span>\n\t\t<\/div>\n\t\t\t\t\t\t<\/div>\n\t\t<div class=\"elementor-element elementor-element-626337a9 e-con-full e-flex e-con e-child\" data-id=\"626337a9\" data-element_type=\"container\" data-e-type=\"container\">\n\t\t\t\t<div class=\"elementor-element elementor-element-5694100 elementor-widget elementor-widget-text-editor\" data-id=\"5694100\" data-element_type=\"widget\" data-e-type=\"widget\" data-widget_type=\"text-editor.default\">\n\t\t\t\t\t\t\t\t\t\u00a9 2026 <strong>Centre Dentaire IED<\/strong>. Tous droits r\u00e9serv\u00e9s.\t\t\t\t\t\t\t\t<\/div>\n\t\t\t\t<\/div>\n\t\t\t\t\t<\/div>\n\t\t\t\t<\/div>\n\t\t\t\t<\/div>\n\t\t","protected":false},"excerpt":{"rendered":"<p>CLINIQUE DENTAIRE POUR LES HABITANTS DE BEACONSFIELD Histoire du centre dentaire pr\u00e8s de Beaconsfield En op\u00e9ration dans le West Island de Montr\u00e9al depuis 1987, le Centre dentaire IED s\u2019est b\u00e2ti une solide r\u00e9putation sur ce territoire. Notre clinique dentaire accueille une client\u00e8le provenant, entre autres, de Beaconsfield et de ses environs. Services offerts par nos<\/p>\n","protected":false},"author":1,"featured_media":0,"parent":0,"menu_order":0,"comment_status":"closed","ping_status":"closed","template":"","meta":{"_acf_changed":false,"footnotes":""},"class_list":["post-4932","page","type-page","status-publish","hentry"],"acf":[],"yoast_head":"<!-- This site is optimized with the Yoast SEO plugin v27.4 - https:\/\/yoast.com\/product\/yoast-seo-wordpress\/ -->\n<title>Dentiste pr\u00e8s de Beaconsfield | Centre dentaire IED<\/title>\n<meta name=\"description\" content=\"Vous cherchez un dentiste pr\u00e8s de Beaconsfield? Le Centre dentaire IED \u00e0 Pierrefonds offre implantologie, dentisterie g\u00e9n\u00e9rale et soins esth\u00e9tiques.\" \/>\n<meta name=\"robots\" content=\"index, follow, max-snippet:-1, max-image-preview:large, max-video-preview:-1\" \/>\n<link rel=\"canonical\" href=\"https:\/\/centredentaireied.ca\/118-dentist-beaconsfield\/\" \/>\n<meta property=\"og:locale\" content=\"fr_FR\" \/>\n<meta property=\"og:type\" content=\"article\" \/>\n<meta property=\"og:title\" content=\"Dentiste pr\u00e8s de Beaconsfield | Centre dentaire IED\" \/>\n<meta property=\"og:description\" content=\"Vous cherchez un dentiste pr\u00e8s de Beaconsfield? Le Centre dentaire IED \u00e0 Pierrefonds offre implantologie, dentisterie g\u00e9n\u00e9rale et soins esth\u00e9tiques.\" \/>\n<meta property=\"og:url\" content=\"https:\/\/centredentaireied.ca\/118-dentist-beaconsfield\/\" \/>\n<meta property=\"og:site_name\" content=\"Centre Dentaire IED | Implants, Esthetics &amp; General Dentistry in Pierrefonds\" \/>\n<meta property=\"article:modified_time\" content=\"2026-03-16T16:10:22+00:00\" \/>\n<meta property=\"og:image\" content=\"https:\/\/centredentaireied.ca\/wp-content\/uploads\/2026\/02\/tech-banner.png\" \/>\n\t<meta property=\"og:image:width\" content=\"980\" \/>\n\t<meta property=\"og:image:height\" content=\"200\" \/>\n\t<meta property=\"og:image:type\" content=\"image\/png\" \/>\n<meta name=\"twitter:card\" content=\"summary_large_image\" \/>\n<meta name=\"twitter:label1\" content=\"Dur\u00e9e de lecture estim\u00e9e\" \/>\n\t<meta name=\"twitter:data1\" content=\"2 minutes\" \/>\n<script type=\"application\/ld+json\" class=\"yoast-schema-graph\">{\"@context\":\"https:\\\/\\\/schema.org\",\"@graph\":[{\"@type\":\"WebPage\",\"@id\":\"https:\\\/\\\/centredentaireied.ca\\\/118-dentist-beaconsfield\\\/\",\"url\":\"https:\\\/\\\/centredentaireied.ca\\\/118-dentist-beaconsfield\\\/\",\"name\":\"Dentiste pr\u00e8s de Beaconsfield | Centre dentaire IED\",\"isPartOf\":{\"@id\":\"https:\\\/\\\/centredentaireied.ca\\\/#website\"},\"primaryImageOfPage\":{\"@id\":\"https:\\\/\\\/centredentaireied.ca\\\/118-dentist-beaconsfield\\\/#primaryimage\"},\"image\":{\"@id\":\"https:\\\/\\\/centredentaireied.ca\\\/118-dentist-beaconsfield\\\/#primaryimage\"},\"thumbnailUrl\":\"https:\\\/\\\/centredentaireied.ca\\\/wp-content\\\/uploads\\\/2026\\\/02\\\/tech-banner.png\",\"datePublished\":\"2026-02-26T15:32:11+00:00\",\"dateModified\":\"2026-03-16T16:10:22+00:00\",\"description\":\"Vous cherchez un dentiste pr\u00e8s de Beaconsfield? Le Centre dentaire IED \u00e0 Pierrefonds offre implantologie, dentisterie g\u00e9n\u00e9rale et soins esth\u00e9tiques.\",\"breadcrumb\":{\"@id\":\"https:\\\/\\\/centredentaireied.ca\\\/118-dentist-beaconsfield\\\/#breadcrumb\"},\"inLanguage\":\"fr-FR\",\"potentialAction\":[{\"@type\":\"ReadAction\",\"target\":[\"https:\\\/\\\/centredentaireied.ca\\\/118-dentist-beaconsfield\\\/\"]}]},{\"@type\":\"ImageObject\",\"inLanguage\":\"fr-FR\",\"@id\":\"https:\\\/\\\/centredentaireied.ca\\\/118-dentist-beaconsfield\\\/#primaryimage\",\"url\":\"https:\\\/\\\/centredentaireied.ca\\\/wp-content\\\/uploads\\\/2026\\\/02\\\/tech-banner.png\",\"contentUrl\":\"https:\\\/\\\/centredentaireied.ca\\\/wp-content\\\/uploads\\\/2026\\\/02\\\/tech-banner.png\"},{\"@type\":\"BreadcrumbList\",\"@id\":\"https:\\\/\\\/centredentaireied.ca\\\/118-dentist-beaconsfield\\\/#breadcrumb\",\"itemListElement\":[{\"@type\":\"ListItem\",\"position\":1,\"name\":\"Home\",\"item\":\"https:\\\/\\\/centredentaireied.ca\\\/\"},{\"@type\":\"ListItem\",\"position\":2,\"name\":\"118 Dentiste beaconsfield\"}]},{\"@type\":\"WebSite\",\"@id\":\"https:\\\/\\\/centredentaireied.ca\\\/#website\",\"url\":\"https:\\\/\\\/centredentaireied.ca\\\/\",\"name\":\"Centre Dentaire IED\",\"description\":\"Implant, Esthetic &amp; General Dentistry in Pierrefonds\",\"publisher\":{\"@id\":\"https:\\\/\\\/centredentaireied.ca\\\/#organization\"},\"potentialAction\":[{\"@type\":\"SearchAction\",\"target\":{\"@type\":\"EntryPoint\",\"urlTemplate\":\"https:\\\/\\\/centredentaireied.ca\\\/?s={search_term_string}\"},\"query-input\":{\"@type\":\"PropertyValueSpecification\",\"valueRequired\":true,\"valueName\":\"search_term_string\"}}],\"inLanguage\":\"fr-FR\"},{\"@type\":\"Organization\",\"@id\":\"https:\\\/\\\/centredentaireied.ca\\\/#organization\",\"name\":\"Centre Dentaire IED\",\"url\":\"https:\\\/\\\/centredentaireied.ca\\\/\",\"logo\":{\"@type\":\"ImageObject\",\"inLanguage\":\"fr-FR\",\"@id\":\"https:\\\/\\\/centredentaireied.ca\\\/#\\\/schema\\\/logo\\\/image\\\/\",\"url\":\"https:\\\/\\\/centredentaireied.ca\\\/wp-content\\\/uploads\\\/2026\\\/03\\\/Centre-Dentaire-IED-logo-small.png\",\"contentUrl\":\"https:\\\/\\\/centredentaireied.ca\\\/wp-content\\\/uploads\\\/2026\\\/03\\\/Centre-Dentaire-IED-logo-small.png\",\"width\":900,\"height\":300,\"caption\":\"Centre Dentaire IED\"},\"image\":{\"@id\":\"https:\\\/\\\/centredentaireied.ca\\\/#\\\/schema\\\/logo\\\/image\\\/\"}}]}<\/script>\n<!-- \/ Yoast SEO plugin. -->","yoast_head_json":{"title":"Dentiste pr\u00e8s de Beaconsfield | Centre dentaire IED","description":"Vous cherchez un dentiste pr\u00e8s de Beaconsfield? Le Centre dentaire IED \u00e0 Pierrefonds offre implantologie, dentisterie g\u00e9n\u00e9rale et soins esth\u00e9tiques.","robots":{"index":"index","follow":"follow","max-snippet":"max-snippet:-1","max-image-preview":"max-image-preview:large","max-video-preview":"max-video-preview:-1"},"canonical":"https:\/\/centredentaireied.ca\/118-dentist-beaconsfield\/","og_locale":"fr_FR","og_type":"article","og_title":"Dentiste pr\u00e8s de Beaconsfield | Centre dentaire IED","og_description":"Vous cherchez un dentiste pr\u00e8s de Beaconsfield? Le Centre dentaire IED \u00e0 Pierrefonds offre implantologie, dentisterie g\u00e9n\u00e9rale et soins esth\u00e9tiques.","og_url":"https:\/\/centredentaireied.ca\/118-dentist-beaconsfield\/","og_site_name":"Centre Dentaire IED | Implants, Esthetics &amp; General Dentistry in Pierrefonds","article_modified_time":"2026-03-16T16:10:22+00:00","og_image":[{"width":980,"height":200,"url":"https:\/\/centredentaireied.ca\/wp-content\/uploads\/2026\/02\/tech-banner.png","type":"image\/png"}],"twitter_card":"summary_large_image","twitter_misc":{"Dur\u00e9e de lecture estim\u00e9e":"2 minutes"},"schema":{"@context":"https:\/\/schema.org","@graph":[{"@type":"WebPage","@id":"https:\/\/centredentaireied.ca\/118-dentist-beaconsfield\/","url":"https:\/\/centredentaireied.ca\/118-dentist-beaconsfield\/","name":"Dentiste pr\u00e8s de Beaconsfield | Centre dentaire IED","isPartOf":{"@id":"https:\/\/centredentaireied.ca\/#website"},"primaryImageOfPage":{"@id":"https:\/\/centredentaireied.ca\/118-dentist-beaconsfield\/#primaryimage"},"image":{"@id":"https:\/\/centredentaireied.ca\/118-dentist-beaconsfield\/#primaryimage"},"thumbnailUrl":"https:\/\/centredentaireied.ca\/wp-content\/uploads\/2026\/02\/tech-banner.png","datePublished":"2026-02-26T15:32:11+00:00","dateModified":"2026-03-16T16:10:22+00:00","description":"Vous cherchez un dentiste pr\u00e8s de Beaconsfield? Le Centre dentaire IED \u00e0 Pierrefonds offre implantologie, dentisterie g\u00e9n\u00e9rale et soins esth\u00e9tiques.","breadcrumb":{"@id":"https:\/\/centredentaireied.ca\/118-dentist-beaconsfield\/#breadcrumb"},"inLanguage":"fr-FR","potentialAction":[{"@type":"ReadAction","target":["https:\/\/centredentaireied.ca\/118-dentist-beaconsfield\/"]}]},{"@type":"ImageObject","inLanguage":"fr-FR","@id":"https:\/\/centredentaireied.ca\/118-dentist-beaconsfield\/#primaryimage","url":"https:\/\/centredentaireied.ca\/wp-content\/uploads\/2026\/02\/tech-banner.png","contentUrl":"https:\/\/centredentaireied.ca\/wp-content\/uploads\/2026\/02\/tech-banner.png"},{"@type":"BreadcrumbList","@id":"https:\/\/centredentaireied.ca\/118-dentist-beaconsfield\/#breadcrumb","itemListElement":[{"@type":"ListItem","position":1,"name":"Home","item":"https:\/\/centredentaireied.ca\/"},{"@type":"ListItem","position":2,"name":"118 Dentiste beaconsfield"}]},{"@type":"WebSite","@id":"https:\/\/centredentaireied.ca\/#website","url":"https:\/\/centredentaireied.ca\/","name":"Centre Dentaire IED","description":"Implant, Esthetic &amp; General Dentistry in Pierrefonds","publisher":{"@id":"https:\/\/centredentaireied.ca\/#organization"},"potentialAction":[{"@type":"SearchAction","target":{"@type":"EntryPoint","urlTemplate":"https:\/\/centredentaireied.ca\/?s={search_term_string}"},"query-input":{"@type":"PropertyValueSpecification","valueRequired":true,"valueName":"search_term_string"}}],"inLanguage":"fr-FR"},{"@type":"Organization","@id":"https:\/\/centredentaireied.ca\/#organization","name":"Centre Dentaire IED","url":"https:\/\/centredentaireied.ca\/","logo":{"@type":"ImageObject","inLanguage":"fr-FR","@id":"https:\/\/centredentaireied.ca\/#\/schema\/logo\/image\/","url":"https:\/\/centredentaireied.ca\/wp-content\/uploads\/2026\/03\/Centre-Dentaire-IED-logo-small.png","contentUrl":"https:\/\/centredentaireied.ca\/wp-content\/uploads\/2026\/03\/Centre-Dentaire-IED-logo-small.png","width":900,"height":300,"caption":"Centre Dentaire IED"},"image":{"@id":"https:\/\/centredentaireied.ca\/#\/schema\/logo\/image\/"}}]}},"featured_image_src":null,"featured_image_src_square":null,"_links":{"self":[{"href":"https:\/\/centredentaireied.ca\/fr\/wp-json\/wp\/v2\/pages\/4932","targetHints":{"allow":["GET"]}}],"collection":[{"href":"https:\/\/centredentaireied.ca\/fr\/wp-json\/wp\/v2\/pages"}],"about":[{"href":"https:\/\/centredentaireied.ca\/fr\/wp-json\/wp\/v2\/types\/page"}],"author":[{"embeddable":true,"href":"https:\/\/centredentaireied.ca\/fr\/wp-json\/wp\/v2\/users\/1"}],"replies":[{"embeddable":true,"href":"https:\/\/centredentaireied.ca\/fr\/wp-json\/wp\/v2\/comments?post=4932"}],"version-history":[{"count":0,"href":"https:\/\/centredentaireied.ca\/fr\/wp-json\/wp\/v2\/pages\/4932\/revisions"}],"wp:attachment":[{"href":"https:\/\/centredentaireied.ca\/fr\/wp-json\/wp\/v2\/media?parent=4932"}],"curies":[{"name":"wp","href":"https:\/\/api.w.org\/{rel}","templated":true}]}}