{"id":4887,"date":"2026-02-25T17:54:54","date_gmt":"2026-02-25T22:54:54","guid":{"rendered":"https:\/\/centredentaireied.ca\/?page_id=4887"},"modified":"2026-03-16T10:53:31","modified_gmt":"2026-03-16T15:53:31","slug":"124-dentiste-ville-saint-laurent","status":"publish","type":"page","link":"https:\/\/centredentaireied.ca\/fr\/124-dentiste-ville-saint-laurent\/","title":{"rendered":"124 Dentiste ville saint laurent"},"content":{"rendered":"\t\t<div data-elementor-type=\"wp-page\" data-elementor-id=\"4887\" class=\"elementor elementor-4887 elementor-4881\" data-elementor-post-type=\"page\">\n\t\t\t\t<div class=\"elementor-element elementor-element-569ae08c e-flex e-con-boxed e-con e-parent\" data-id=\"569ae08c\" data-element_type=\"container\" data-e-type=\"container\">\n\t\t\t\t\t<div class=\"e-con-inner\">\n\t\t\t\t<div class=\"elementor-element elementor-element-2aaec42e elementor-widget__width-inherit elementor-widget elementor-widget-image\" data-id=\"2aaec42e\" data-element_type=\"widget\" data-e-type=\"widget\" data-widget_type=\"image.default\">\n\t\t\t\t\t\t\t\t\t\t\t\t\t\t\t<img fetchpriority=\"high\" decoding=\"async\" width=\"980\" height=\"200\" src=\"https:\/\/centredentaireied.ca\/wp-content\/uploads\/2026\/02\/tech-banner.png\" class=\"attachment-large size-large wp-image-4895\" alt=\"Centre Dentaire IED Implantologie Esth\u00e9tique Dentisterie G\u00e9n\u00e9rale Pierrefonds Montr\u00e9al Quebec Dentistes\" srcset=\"https:\/\/centredentaireied.ca\/wp-content\/uploads\/2026\/02\/tech-banner.png 980w, https:\/\/centredentaireied.ca\/wp-content\/uploads\/2026\/02\/tech-banner-300x61.png 300w, https:\/\/centredentaireied.ca\/wp-content\/uploads\/2026\/02\/tech-banner-768x157.png 768w\" sizes=\"(max-width: 980px) 100vw, 980px\" \/>\t\t\t\t\t\t\t\t\t\t\t\t\t\t\t<\/div>\n\t\t<div class=\"elementor-element elementor-element-32ab25d2 e-con-full e-flex e-con e-child\" data-id=\"32ab25d2\" data-element_type=\"container\" data-e-type=\"container\">\n\t\t\t\t<div class=\"elementor-element elementor-element-7f3f009 elementor-widget elementor-widget-heading\" data-id=\"7f3f009\" data-element_type=\"widget\" data-e-type=\"widget\" data-widget_type=\"heading.default\">\n\t\t\t\t\t<h1 class=\"elementor-heading-title elementor-size-default\">Dentiste pour les clients pr\u00e8s de Ville Saint-Laurent<\/h1>\t\t\t\t<\/div>\n\t\t\t\t<div class=\"elementor-element elementor-element-53a05a59 elementor-widget-divider--view-line elementor-widget elementor-widget-divider\" data-id=\"53a05a59\" data-element_type=\"widget\" data-e-type=\"widget\" data-widget_type=\"divider.default\">\n\t\t\t\t\t\t\t<div class=\"elementor-divider\">\n\t\t\t<span class=\"elementor-divider-separator\">\n\t\t\t\t\t\t<\/span>\n\t\t<\/div>\n\t\t\t\t\t\t<\/div>\n\t\t<div class=\"elementor-element elementor-element-2d4b0a1e e-con-full e-flex e-con e-child\" data-id=\"2d4b0a1e\" data-element_type=\"container\" data-e-type=\"container\">\n\t\t<div class=\"elementor-element elementor-element-1f36f2b6 e-con-full e-flex e-con e-child\" data-id=\"1f36f2b6\" data-element_type=\"container\" data-e-type=\"container\">\n\t\t\t\t<div class=\"elementor-element elementor-element-7d642465 elementor-widget elementor-widget-heading\" data-id=\"7d642465\" data-element_type=\"widget\" data-e-type=\"widget\" data-widget_type=\"heading.default\">\n\t\t\t\t\t<h2 class=\"elementor-heading-title elementor-size-default\">Histoire de la clinique sp\u00e9cialis\u00e9e en implantologie<\/h2>\t\t\t\t<\/div>\n\t\t\t\t<div class=\"elementor-element elementor-element-611fafda elementor-widget elementor-widget-text-editor\" data-id=\"611fafda\" data-element_type=\"widget\" data-e-type=\"widget\" data-widget_type=\"text-editor.default\">\n\t\t\t\t\t\t\t\t\t<p>Au service de sa client\u00e8le depuis 1987, le Centre dentaire IED est situ\u00e9e dans l\u2019Ouest-de-l\u2019\u00cele de Montr\u00e9al. Notre clinique dessert, entre autres, la ville de Ville Saint-Laurent.<\/p>\t\t\t\t\t\t\t\t<\/div>\n\t\t\t\t<div class=\"elementor-element elementor-element-63304b02 elementor-widget elementor-widget-heading\" data-id=\"63304b02\" data-element_type=\"widget\" data-e-type=\"widget\" data-widget_type=\"heading.default\">\n\t\t\t\t\t<h2 class=\"elementor-heading-title elementor-size-default\">Services offerts par la clinique dentaire<\/h2>\t\t\t\t<\/div>\n\t\t\t\t<div class=\"elementor-element elementor-element-2714f49d elementor-widget elementor-widget-text-editor\" data-id=\"2714f49d\" data-element_type=\"widget\" data-e-type=\"widget\" data-widget_type=\"text-editor.default\">\n\t\t\t\t\t\t\t\t\t<p>Notre centre offre des soins dentaires pour toute la famille dont des services sp\u00e9cialis\u00e9s tels que\u00a0<a href=\"https:\/\/www.centredentaireied.ca\/fr\/implantologie\/\">l\u2019implantologie<\/a>, le blanchiment dentaire ZOOM ou la dentisterie esth\u00e9tique. Notre \u00e9quipe exp\u00e9riment\u00e9e se fera un plaisir de vous conseiller sur ces services.<\/p><p>Nous offrons aussi tous les services dentaires g\u00e9n\u00e9raux tels que les examens pr\u00e9ventifs, les nettoyages ou la pose de scellant.\u00a0Nos professionnels ont votre sant\u00e9 dentaire \u00e0 c\u0153ur et sauront r\u00e9pondre \u00e0 toutes vos questions.<\/p><p>L\u2019\u00e9quipe de le Centre dentaire IED travaille avec passion pour offrir aux patients de Ville Saint-Laurent un diagnostic pr\u00e9cis et fiable. N\u2019attendez plus et\u00a0<a href=\"https:\/\/www.centredentaireied.ca\/nous-joindre\/\" target=\"_blank\" rel=\"noopener\">contactez-nous<\/a>\u00a0d\u00e8s aujourd\u2019hui!<\/p><p>\u2190\u00a0<a href=\"https:\/\/www.centredentaireied.ca\/fr\/territoires-desservis\/\">Retour \u00e0 la liste<\/a><\/p>\t\t\t\t\t\t\t\t<\/div>\n\t\t\t\t<\/div>\n\t\t\t\t<div class=\"elementor-element elementor-element-52787f21 elementor-widget elementor-widget-google_maps\" data-id=\"52787f21\" data-element_type=\"widget\" data-e-type=\"widget\" data-widget_type=\"google_maps.default\">\n\t\t\t\t\t\t\t<div class=\"elementor-custom-embed\">\n\t\t\t<iframe loading=\"lazy\"\n\t\t\t\t\tsrc=\"https:\/\/maps.google.com\/maps?q=4849%20Saint-Charles%20Blvd%2C%20Pierrefonds-Roxboro%2C%20QC%20H9H%203E4%2C%20Canada&#038;t=m&#038;z=14&#038;output=embed&#038;iwloc=near\"\n\t\t\t\t\ttitle=\"4849 Saint-Charles Blvd, Pierrefonds-Roxboro, QC H9H 3E4, Canada\"\n\t\t\t\t\taria-label=\"4849 Saint-Charles Blvd, Pierrefonds-Roxboro, QC H9H 3E4, Canada\"\n\t\t\t><\/iframe>\n\t\t<\/div>\n\t\t\t\t\t\t<\/div>\n\t\t\t\t<\/div>\n\t\t\t\t<\/div>\n\t\t\t\t\t<\/div>\n\t\t\t\t<\/div>\n\t\t<div class=\"elementor-element elementor-element-4fbf1651 e-flex e-con-boxed e-con e-parent\" data-id=\"4fbf1651\" data-element_type=\"container\" data-e-type=\"container\">\n\t\t\t\t\t<div class=\"e-con-inner\">\n\t\t<div class=\"elementor-element elementor-element-3012b4f2 e-con-full e-flex e-con e-child\" data-id=\"3012b4f2\" data-element_type=\"container\" data-e-type=\"container\">\n\t\t<a class=\"elementor-element elementor-element-1a641833 e-con-full footer-upper-container e-flex e-con e-child\" data-id=\"1a641833\" data-element_type=\"container\" data-e-type=\"container\" data-settings=\"{&quot;background_background&quot;:&quot;classic&quot;}\" href=\"https:\/\/centredentaireied.ca\/fr\/nouveau-patient\/\">\n\t\t\t\t<div class=\"elementor-element elementor-element-583563ec elementor-widget elementor-widget-image\" data-id=\"583563ec\" data-element_type=\"widget\" data-e-type=\"widget\" data-widget_type=\"image.default\">\n\t\t\t\t\t\t\t\t\t\t\t\t\t\t\t<img decoding=\"async\" src=\"https:\/\/centredentaireied.ca\/wp-content\/uploads\/elementor\/thumbs\/footer-newPatientsIcon-rjawlntp5j3l03iylr818l7xhitnv5rfonqcjuosxg.png\" title=\"\" alt=\"Centre Dentaire IED Implantologie Esth\u00e9tique Dentisterie G\u00e9n\u00e9rale Pierrefonds Montr\u00e9al Quebec Dentistes\" loading=\"lazy\" \/>\t\t\t\t\t\t\t\t\t\t\t\t\t\t\t<\/div>\n\t\t\t\t<div class=\"elementor-element elementor-element-2d48a2a2 footer-upper-text elementor-widget elementor-widget-text-editor\" data-id=\"2d48a2a2\" data-element_type=\"widget\" data-e-type=\"widget\" data-widget_type=\"text-editor.default\">\n\t\t\t\t\t\t\t\t\t<p>Nouveaux<br \/>patients<\/p>\t\t\t\t\t\t\t\t<\/div>\n\t\t\t\t<\/a>\n\t\t<a class=\"elementor-element elementor-element-135f69ed e-con-full footer-upper-container e-flex e-con e-child\" data-id=\"135f69ed\" data-element_type=\"container\" data-e-type=\"container\" href=\"https:\/\/centredentaireied.ca\/fr\/services-dentisterie\/\">\n\t\t\t\t<div class=\"elementor-element elementor-element-5665272d elementor-widget elementor-widget-image\" data-id=\"5665272d\" data-element_type=\"widget\" data-e-type=\"widget\" data-widget_type=\"image.default\">\n\t\t\t\t\t\t\t\t\t\t\t\t\t\t\t<img decoding=\"async\" src=\"https:\/\/centredentaireied.ca\/wp-content\/uploads\/elementor\/thumbs\/footer-dentistryIcon-rjawlmvuw2c508jilwwcyvx2g6tlw92biwa1lqmiga.png\" title=\"\" alt=\"Centre Dentaire IED Implantologie Esth\u00e9tique Dentisterie G\u00e9n\u00e9rale Pierrefonds Montr\u00e9al Quebec Dentistes\" loading=\"lazy\" \/>\t\t\t\t\t\t\t\t\t\t\t\t\t\t\t<\/div>\n\t\t\t\t<div class=\"elementor-element elementor-element-288105ee footer-upper-text elementor-widget elementor-widget-text-editor\" data-id=\"288105ee\" data-element_type=\"widget\" data-e-type=\"widget\" data-widget_type=\"text-editor.default\">\n\t\t\t\t\t\t\t\t\tDentisterie \u00e0<br>\nMontr\u00e9al\t\t\t\t\t\t\t\t<\/div>\n\t\t\t\t<\/a>\n\t\t<a class=\"elementor-element elementor-element-55c9032c e-con-full footer-upper-container e-flex e-con e-child\" data-id=\"55c9032c\" data-element_type=\"container\" data-e-type=\"container\" href=\"https:\/\/centredentaireied.ca\/fr\/implantologie\/\">\n\t\t\t\t<div class=\"elementor-element elementor-element-6afc8725 elementor-widget elementor-widget-image\" data-id=\"6afc8725\" data-element_type=\"widget\" data-e-type=\"widget\" data-widget_type=\"image.default\">\n\t\t\t\t\t\t\t\t\t\t\t\t\t\t\t<img decoding=\"async\" src=\"https:\/\/centredentaireied.ca\/wp-content\/uploads\/elementor\/thumbs\/footer-implantIcon-rjawlmvuiwpbm5k95gdi1hfk7r8yjwhua2025wsc92.png\" title=\"\" alt=\"Centre Dentaire IED Implantologie Esth\u00e9tique Dentisterie G\u00e9n\u00e9rale Pierrefonds Montr\u00e9al Quebec Dentistes\" loading=\"lazy\" \/>\t\t\t\t\t\t\t\t\t\t\t\t\t\t\t<\/div>\n\t\t\t\t<div class=\"elementor-element elementor-element-3336e3ef footer-upper-text elementor-widget elementor-widget-text-editor\" data-id=\"3336e3ef\" data-element_type=\"widget\" data-e-type=\"widget\" data-widget_type=\"text-editor.default\">\n\t\t\t\t\t\t\t\t\tImplantologie<br>\ndentaire \u00e0<br>montr\u00e9al\t\t\t\t\t\t\t\t<\/div>\n\t\t\t\t<\/a>\n\t\t<a class=\"elementor-element elementor-element-10c2f65b e-con-full footer-upper-container e-flex e-con e-child\" data-id=\"10c2f65b\" data-element_type=\"container\" data-e-type=\"container\" href=\"https:\/\/centredentaireied.ca\/fr\/nous-joindre\/\">\n\t\t\t\t<div class=\"elementor-element elementor-element-302060f9 elementor-widget elementor-widget-image\" data-id=\"302060f9\" data-element_type=\"widget\" data-e-type=\"widget\" data-widget_type=\"image.default\">\n\t\t\t\t\t\t\t\t\t\t\t\t\t\t\t<img decoding=\"async\" src=\"https:\/\/centredentaireied.ca\/wp-content\/uploads\/elementor\/thumbs\/footer-contactUsIcon-rjawlly0nwxry6nlk4866x9k1as0ns0uotgc77jmzu.png\" title=\"\" alt=\"Centre Dentaire IED Implantologie Esth\u00e9tique Dentisterie G\u00e9n\u00e9rale Pierrefonds Montr\u00e9al Quebec Dentistes\" loading=\"lazy\" \/>\t\t\t\t\t\t\t\t\t\t\t\t\t\t\t<\/div>\n\t\t\t\t<div class=\"elementor-element elementor-element-2f46b730 footer-upper-text elementor-widget elementor-widget-text-editor\" data-id=\"2f46b730\" data-element_type=\"widget\" data-e-type=\"widget\" data-widget_type=\"text-editor.default\">\n\t\t\t\t\t\t\t\t\t<p>Nous joindre<\/p>\t\t\t\t\t\t\t\t<\/div>\n\t\t\t\t<\/a>\n\t\t\t\t<\/div>\n\t\t<div class=\"elementor-element elementor-element-6ee113c e-con-full e-flex e-con e-child\" data-id=\"6ee113c\" data-element_type=\"container\" data-e-type=\"container\">\n\t\t<div class=\"elementor-element elementor-element-687068a5 e-con-full e-flex e-con e-child\" data-id=\"687068a5\" data-element_type=\"container\" data-e-type=\"container\">\n\t\t\t\t<div class=\"elementor-element elementor-element-348cd349 elementor-widget__width-initial elementor-widget elementor-widget-google_maps\" data-id=\"348cd349\" data-element_type=\"widget\" data-e-type=\"widget\" data-widget_type=\"google_maps.default\">\n\t\t\t\t\t\t\t<div class=\"elementor-custom-embed\">\n\t\t\t<iframe loading=\"lazy\"\n\t\t\t\t\tsrc=\"https:\/\/maps.google.com\/maps?q=4849%20Bd%20Saint-Charles%2C%20Pierrefonds%20-%20Roxboro%2C%20QC%20H9H%203E4%2C%20Canada&#038;t=m&#038;z=14&#038;output=embed&#038;iwloc=near\"\n\t\t\t\t\ttitle=\"4849 Bd Saint-Charles, Pierrefonds - Roxboro, QC H9H 3E4, Canada\"\n\t\t\t\t\taria-label=\"4849 Bd Saint-Charles, Pierrefonds - Roxboro, QC H9H 3E4, Canada\"\n\t\t\t><\/iframe>\n\t\t<\/div>\n\t\t\t\t\t\t<\/div>\n\t\t<div class=\"elementor-element elementor-element-606a831b e-con-full e-flex e-con e-child\" data-id=\"606a831b\" data-element_type=\"container\" data-e-type=\"container\">\n\t\t\t\t<div class=\"elementor-element elementor-element-17406881 elementor-widget elementor-widget-text-editor\" data-id=\"17406881\" data-element_type=\"widget\" data-e-type=\"widget\" data-widget_type=\"text-editor.default\">\n\t\t\t\t\t\t\t\t\t<span style=\"color: #95b2d6; font-size: 20px; font-weight: 900;\">4849 Boulevard Saint-Charles<\/span>\nH9H 3E4, Pierrefonds, Qu\u00e9bec.\n\nT\u00e9l\u00e9phone: <a href=\"tel: 5146240390\">(514) 624-0390<\/a>\nFax: (514) 624-1140\n<a href=\"mailto: info@centredentaireied.ca\">info@centredentaireied.ca<\/a>\t\t\t\t\t\t\t\t<\/div>\n\t\t\t\t<\/div>\n\t\t\t\t<div class=\"elementor-element elementor-element-6e2ec678 elementor-widget elementor-widget-button\" data-id=\"6e2ec678\" data-element_type=\"widget\" data-e-type=\"widget\" data-widget_type=\"button.default\">\n\t\t\t\t\t\t\t\t\t\t<a class=\"elementor-button elementor-button-link elementor-size-sm\" href=\"https:\/\/centredentaireied.ca\/fr\/nous-joindre\/\">\n\t\t\t\t\t\t<span class=\"elementor-button-content-wrapper\">\n\t\t\t\t\t\t\t\t\t<span class=\"elementor-button-text\">Nous joindre<\/span>\n\t\t\t\t\t<\/span>\n\t\t\t\t\t<\/a>\n\t\t\t\t\t\t\t\t<\/div>\n\t\t\t\t<\/div>\n\t\t<div class=\"elementor-element elementor-element-7d703bfa e-con-full e-flex e-con e-child\" data-id=\"7d703bfa\" data-element_type=\"container\" data-e-type=\"container\">\n\t\t\t\t<div class=\"elementor-element elementor-element-44327c85 elementor-widget__width-initial elementor-widget elementor-widget-text-editor\" data-id=\"44327c85\" data-element_type=\"widget\" data-e-type=\"widget\" data-widget_type=\"text-editor.default\">\n\t\t\t\t\t\t\t\t\t<p><a href=\"https:\/\/centredentaireied.ca\/fr\/nouveau-patient\/\">Nouveau patient<\/a><\/p><p><a href=\"https:\/\/centredentaireied.ca\/fr\/territoires-desservis\/\">Territoires desservis<\/a><\/p><p><a href=\"https:\/\/centredentaireied.ca\/fr\/politique-securite\/\">Politique de s\u00e9curit\u00e9<\/a><\/p><p><a href=\"https:\/\/centredentaireied.ca\/fr\/plan-du-site\/\">Plan du site<\/a><\/p>\t\t\t\t\t\t\t\t<\/div>\n\t\t\t\t<\/div>\n\t\t\t\t<\/div>\n\t\t\t\t<div class=\"elementor-element elementor-element-1a6d129c elementor-widget-divider--view-line elementor-widget elementor-widget-divider\" data-id=\"1a6d129c\" data-element_type=\"widget\" data-e-type=\"widget\" data-widget_type=\"divider.default\">\n\t\t\t\t\t\t\t<div class=\"elementor-divider\">\n\t\t\t<span class=\"elementor-divider-separator\">\n\t\t\t\t\t\t<\/span>\n\t\t<\/div>\n\t\t\t\t\t\t<\/div>\n\t\t<div class=\"elementor-element elementor-element-558dd485 e-con-full e-flex e-con e-child\" data-id=\"558dd485\" data-element_type=\"container\" data-e-type=\"container\">\n\t\t\t\t<div class=\"elementor-element elementor-element-b94b926 elementor-widget elementor-widget-text-editor\" data-id=\"b94b926\" data-element_type=\"widget\" data-e-type=\"widget\" data-widget_type=\"text-editor.default\">\n\t\t\t\t\t\t\t\t\t\u00a9 2026 <strong>Centre Dentaire IED<\/strong>. Tous droits r\u00e9serv\u00e9s.\t\t\t\t\t\t\t\t<\/div>\n\t\t\t\t<\/div>\n\t\t\t\t\t<\/div>\n\t\t\t\t<\/div>\n\t\t\t\t<\/div>\n\t\t","protected":false},"excerpt":{"rendered":"<p>Dentiste pour les clients pr\u00e8s de Ville Saint-Laurent Histoire de la clinique sp\u00e9cialis\u00e9e en implantologie Au service de sa client\u00e8le depuis 1987, le Centre dentaire IED est situ\u00e9e dans l\u2019Ouest-de-l\u2019\u00cele de Montr\u00e9al. Notre clinique dessert, entre autres, la ville de Ville Saint-Laurent. Services offerts par la clinique dentaire Notre centre offre des soins dentaires pour<\/p>\n","protected":false},"author":1,"featured_media":0,"parent":0,"menu_order":0,"comment_status":"closed","ping_status":"closed","template":"","meta":{"_acf_changed":false,"footnotes":""},"class_list":["post-4887","page","type-page","status-publish","hentry"],"acf":[],"yoast_head":"<!-- This site is optimized with the Yoast SEO plugin v27.4 - https:\/\/yoast.com\/product\/yoast-seo-wordpress\/ -->\n<title>Dentiste pr\u00e8s de Ville Saint-Laurent | Centre dentaire IED<\/title>\n<meta name=\"description\" content=\"Vous cherchez un dentiste pr\u00e8s de Ville Saint-Laurent? Le Centre dentaire IED \u00e0 Pierrefonds offre implantologie, dentisterie g\u00e9n\u00e9rale et soins esth\u00e9tiques.\" \/>\n<meta name=\"robots\" content=\"index, follow, max-snippet:-1, max-image-preview:large, max-video-preview:-1\" \/>\n<link rel=\"canonical\" href=\"https:\/\/centredentaireied.ca\/124-dentist-ville-saint-laurent\/\" \/>\n<meta property=\"og:locale\" content=\"fr_FR\" \/>\n<meta property=\"og:type\" content=\"article\" \/>\n<meta property=\"og:title\" content=\"Dentiste pr\u00e8s de Ville Saint-Laurent | Centre dentaire IED\" \/>\n<meta property=\"og:description\" content=\"Vous cherchez un dentiste pr\u00e8s de Ville Saint-Laurent? Le Centre dentaire IED \u00e0 Pierrefonds offre implantologie, dentisterie g\u00e9n\u00e9rale et soins esth\u00e9tiques.\" \/>\n<meta property=\"og:url\" content=\"https:\/\/centredentaireied.ca\/124-dentist-ville-saint-laurent\/\" \/>\n<meta property=\"og:site_name\" content=\"Centre Dentaire IED | Implants, Esthetics &amp; General Dentistry in Pierrefonds\" \/>\n<meta property=\"article:modified_time\" content=\"2026-03-16T15:53:31+00:00\" \/>\n<meta property=\"og:image\" content=\"https:\/\/centredentaireied.ca\/wp-content\/uploads\/2026\/02\/tech-banner.png\" \/>\n\t<meta property=\"og:image:width\" content=\"980\" \/>\n\t<meta property=\"og:image:height\" content=\"200\" \/>\n\t<meta property=\"og:image:type\" content=\"image\/png\" \/>\n<meta name=\"twitter:card\" content=\"summary_large_image\" \/>\n<meta name=\"twitter:label1\" content=\"Dur\u00e9e de lecture estim\u00e9e\" \/>\n\t<meta name=\"twitter:data1\" content=\"2 minutes\" \/>\n<script type=\"application\/ld+json\" class=\"yoast-schema-graph\">{\"@context\":\"https:\\\/\\\/schema.org\",\"@graph\":[{\"@type\":\"WebPage\",\"@id\":\"https:\\\/\\\/centredentaireied.ca\\\/124-dentist-ville-saint-laurent\\\/\",\"url\":\"https:\\\/\\\/centredentaireied.ca\\\/124-dentist-ville-saint-laurent\\\/\",\"name\":\"Dentiste pr\u00e8s de Ville Saint-Laurent | Centre dentaire IED\",\"isPartOf\":{\"@id\":\"https:\\\/\\\/centredentaireied.ca\\\/#website\"},\"primaryImageOfPage\":{\"@id\":\"https:\\\/\\\/centredentaireied.ca\\\/124-dentist-ville-saint-laurent\\\/#primaryimage\"},\"image\":{\"@id\":\"https:\\\/\\\/centredentaireied.ca\\\/124-dentist-ville-saint-laurent\\\/#primaryimage\"},\"thumbnailUrl\":\"https:\\\/\\\/centredentaireied.ca\\\/wp-content\\\/uploads\\\/2026\\\/02\\\/tech-banner.png\",\"datePublished\":\"2026-02-25T22:54:54+00:00\",\"dateModified\":\"2026-03-16T15:53:31+00:00\",\"description\":\"Vous cherchez un dentiste pr\u00e8s de Ville Saint-Laurent? Le Centre dentaire IED \u00e0 Pierrefonds offre implantologie, dentisterie g\u00e9n\u00e9rale et soins esth\u00e9tiques.\",\"breadcrumb\":{\"@id\":\"https:\\\/\\\/centredentaireied.ca\\\/124-dentist-ville-saint-laurent\\\/#breadcrumb\"},\"inLanguage\":\"fr-FR\",\"potentialAction\":[{\"@type\":\"ReadAction\",\"target\":[\"https:\\\/\\\/centredentaireied.ca\\\/124-dentist-ville-saint-laurent\\\/\"]}]},{\"@type\":\"ImageObject\",\"inLanguage\":\"fr-FR\",\"@id\":\"https:\\\/\\\/centredentaireied.ca\\\/124-dentist-ville-saint-laurent\\\/#primaryimage\",\"url\":\"https:\\\/\\\/centredentaireied.ca\\\/wp-content\\\/uploads\\\/2026\\\/02\\\/tech-banner.png\",\"contentUrl\":\"https:\\\/\\\/centredentaireied.ca\\\/wp-content\\\/uploads\\\/2026\\\/02\\\/tech-banner.png\"},{\"@type\":\"BreadcrumbList\",\"@id\":\"https:\\\/\\\/centredentaireied.ca\\\/124-dentist-ville-saint-laurent\\\/#breadcrumb\",\"itemListElement\":[{\"@type\":\"ListItem\",\"position\":1,\"name\":\"Home\",\"item\":\"https:\\\/\\\/centredentaireied.ca\\\/\"},{\"@type\":\"ListItem\",\"position\":2,\"name\":\"124 Dentiste ville saint laurent\"}]},{\"@type\":\"WebSite\",\"@id\":\"https:\\\/\\\/centredentaireied.ca\\\/#website\",\"url\":\"https:\\\/\\\/centredentaireied.ca\\\/\",\"name\":\"Centre Dentaire IED\",\"description\":\"Implant, Esthetic &amp; General Dentistry in Pierrefonds\",\"publisher\":{\"@id\":\"https:\\\/\\\/centredentaireied.ca\\\/#organization\"},\"potentialAction\":[{\"@type\":\"SearchAction\",\"target\":{\"@type\":\"EntryPoint\",\"urlTemplate\":\"https:\\\/\\\/centredentaireied.ca\\\/?s={search_term_string}\"},\"query-input\":{\"@type\":\"PropertyValueSpecification\",\"valueRequired\":true,\"valueName\":\"search_term_string\"}}],\"inLanguage\":\"fr-FR\"},{\"@type\":\"Organization\",\"@id\":\"https:\\\/\\\/centredentaireied.ca\\\/#organization\",\"name\":\"Centre Dentaire IED\",\"url\":\"https:\\\/\\\/centredentaireied.ca\\\/\",\"logo\":{\"@type\":\"ImageObject\",\"inLanguage\":\"fr-FR\",\"@id\":\"https:\\\/\\\/centredentaireied.ca\\\/#\\\/schema\\\/logo\\\/image\\\/\",\"url\":\"https:\\\/\\\/centredentaireied.ca\\\/wp-content\\\/uploads\\\/2026\\\/03\\\/Centre-Dentaire-IED-logo-small.png\",\"contentUrl\":\"https:\\\/\\\/centredentaireied.ca\\\/wp-content\\\/uploads\\\/2026\\\/03\\\/Centre-Dentaire-IED-logo-small.png\",\"width\":900,\"height\":300,\"caption\":\"Centre Dentaire IED\"},\"image\":{\"@id\":\"https:\\\/\\\/centredentaireied.ca\\\/#\\\/schema\\\/logo\\\/image\\\/\"}}]}<\/script>\n<!-- \/ Yoast SEO plugin. -->","yoast_head_json":{"title":"Dentiste pr\u00e8s de Ville Saint-Laurent | Centre dentaire IED","description":"Vous cherchez un dentiste pr\u00e8s de Ville Saint-Laurent? Le Centre dentaire IED \u00e0 Pierrefonds offre implantologie, dentisterie g\u00e9n\u00e9rale et soins esth\u00e9tiques.","robots":{"index":"index","follow":"follow","max-snippet":"max-snippet:-1","max-image-preview":"max-image-preview:large","max-video-preview":"max-video-preview:-1"},"canonical":"https:\/\/centredentaireied.ca\/124-dentist-ville-saint-laurent\/","og_locale":"fr_FR","og_type":"article","og_title":"Dentiste pr\u00e8s de Ville Saint-Laurent | Centre dentaire IED","og_description":"Vous cherchez un dentiste pr\u00e8s de Ville Saint-Laurent? Le Centre dentaire IED \u00e0 Pierrefonds offre implantologie, dentisterie g\u00e9n\u00e9rale et soins esth\u00e9tiques.","og_url":"https:\/\/centredentaireied.ca\/124-dentist-ville-saint-laurent\/","og_site_name":"Centre Dentaire IED | Implants, Esthetics &amp; General Dentistry in Pierrefonds","article_modified_time":"2026-03-16T15:53:31+00:00","og_image":[{"width":980,"height":200,"url":"https:\/\/centredentaireied.ca\/wp-content\/uploads\/2026\/02\/tech-banner.png","type":"image\/png"}],"twitter_card":"summary_large_image","twitter_misc":{"Dur\u00e9e de lecture estim\u00e9e":"2 minutes"},"schema":{"@context":"https:\/\/schema.org","@graph":[{"@type":"WebPage","@id":"https:\/\/centredentaireied.ca\/124-dentist-ville-saint-laurent\/","url":"https:\/\/centredentaireied.ca\/124-dentist-ville-saint-laurent\/","name":"Dentiste pr\u00e8s de Ville Saint-Laurent | Centre dentaire IED","isPartOf":{"@id":"https:\/\/centredentaireied.ca\/#website"},"primaryImageOfPage":{"@id":"https:\/\/centredentaireied.ca\/124-dentist-ville-saint-laurent\/#primaryimage"},"image":{"@id":"https:\/\/centredentaireied.ca\/124-dentist-ville-saint-laurent\/#primaryimage"},"thumbnailUrl":"https:\/\/centredentaireied.ca\/wp-content\/uploads\/2026\/02\/tech-banner.png","datePublished":"2026-02-25T22:54:54+00:00","dateModified":"2026-03-16T15:53:31+00:00","description":"Vous cherchez un dentiste pr\u00e8s de Ville Saint-Laurent? Le Centre dentaire IED \u00e0 Pierrefonds offre implantologie, dentisterie g\u00e9n\u00e9rale et soins esth\u00e9tiques.","breadcrumb":{"@id":"https:\/\/centredentaireied.ca\/124-dentist-ville-saint-laurent\/#breadcrumb"},"inLanguage":"fr-FR","potentialAction":[{"@type":"ReadAction","target":["https:\/\/centredentaireied.ca\/124-dentist-ville-saint-laurent\/"]}]},{"@type":"ImageObject","inLanguage":"fr-FR","@id":"https:\/\/centredentaireied.ca\/124-dentist-ville-saint-laurent\/#primaryimage","url":"https:\/\/centredentaireied.ca\/wp-content\/uploads\/2026\/02\/tech-banner.png","contentUrl":"https:\/\/centredentaireied.ca\/wp-content\/uploads\/2026\/02\/tech-banner.png"},{"@type":"BreadcrumbList","@id":"https:\/\/centredentaireied.ca\/124-dentist-ville-saint-laurent\/#breadcrumb","itemListElement":[{"@type":"ListItem","position":1,"name":"Home","item":"https:\/\/centredentaireied.ca\/"},{"@type":"ListItem","position":2,"name":"124 Dentiste ville saint laurent"}]},{"@type":"WebSite","@id":"https:\/\/centredentaireied.ca\/#website","url":"https:\/\/centredentaireied.ca\/","name":"Centre Dentaire IED","description":"Implant, Esthetic &amp; General Dentistry in Pierrefonds","publisher":{"@id":"https:\/\/centredentaireied.ca\/#organization"},"potentialAction":[{"@type":"SearchAction","target":{"@type":"EntryPoint","urlTemplate":"https:\/\/centredentaireied.ca\/?s={search_term_string}"},"query-input":{"@type":"PropertyValueSpecification","valueRequired":true,"valueName":"search_term_string"}}],"inLanguage":"fr-FR"},{"@type":"Organization","@id":"https:\/\/centredentaireied.ca\/#organization","name":"Centre Dentaire IED","url":"https:\/\/centredentaireied.ca\/","logo":{"@type":"ImageObject","inLanguage":"fr-FR","@id":"https:\/\/centredentaireied.ca\/#\/schema\/logo\/image\/","url":"https:\/\/centredentaireied.ca\/wp-content\/uploads\/2026\/03\/Centre-Dentaire-IED-logo-small.png","contentUrl":"https:\/\/centredentaireied.ca\/wp-content\/uploads\/2026\/03\/Centre-Dentaire-IED-logo-small.png","width":900,"height":300,"caption":"Centre Dentaire IED"},"image":{"@id":"https:\/\/centredentaireied.ca\/#\/schema\/logo\/image\/"}}]}},"featured_image_src":null,"featured_image_src_square":null,"_links":{"self":[{"href":"https:\/\/centredentaireied.ca\/fr\/wp-json\/wp\/v2\/pages\/4887","targetHints":{"allow":["GET"]}}],"collection":[{"href":"https:\/\/centredentaireied.ca\/fr\/wp-json\/wp\/v2\/pages"}],"about":[{"href":"https:\/\/centredentaireied.ca\/fr\/wp-json\/wp\/v2\/types\/page"}],"author":[{"embeddable":true,"href":"https:\/\/centredentaireied.ca\/fr\/wp-json\/wp\/v2\/users\/1"}],"replies":[{"embeddable":true,"href":"https:\/\/centredentaireied.ca\/fr\/wp-json\/wp\/v2\/comments?post=4887"}],"version-history":[{"count":0,"href":"https:\/\/centredentaireied.ca\/fr\/wp-json\/wp\/v2\/pages\/4887\/revisions"}],"wp:attachment":[{"href":"https:\/\/centredentaireied.ca\/fr\/wp-json\/wp\/v2\/media?parent=4887"}],"curies":[{"name":"wp","href":"https:\/\/api.w.org\/{rel}","templated":true}]}}