{"id":4873,"date":"2026-02-25T17:41:26","date_gmt":"2026-02-25T22:41:26","guid":{"rendered":"https:\/\/centredentaireied.ca\/?page_id=4873"},"modified":"2026-03-16T10:39:08","modified_gmt":"2026-03-16T15:39:08","slug":"120-dentiste-senneville","status":"publish","type":"page","link":"https:\/\/centredentaireied.ca\/fr\/120-dentiste-senneville\/","title":{"rendered":"120 Dentiste senneville"},"content":{"rendered":"\t\t<div data-elementor-type=\"wp-page\" data-elementor-id=\"4873\" class=\"elementor elementor-4873 elementor-4867\" data-elementor-post-type=\"page\">\n\t\t\t\t<div class=\"elementor-element elementor-element-1902a236 e-flex e-con-boxed e-con e-parent\" data-id=\"1902a236\" data-element_type=\"container\" data-e-type=\"container\">\n\t\t\t\t\t<div class=\"e-con-inner\">\n\t\t\t\t<div class=\"elementor-element elementor-element-e091610 elementor-widget__width-inherit elementor-widget elementor-widget-image\" data-id=\"e091610\" data-element_type=\"widget\" data-e-type=\"widget\" data-widget_type=\"image.default\">\n\t\t\t\t\t\t\t\t\t\t\t\t\t\t\t<img fetchpriority=\"high\" decoding=\"async\" width=\"980\" height=\"200\" src=\"https:\/\/centredentaireied.ca\/wp-content\/uploads\/2026\/02\/tech-banner.png\" class=\"attachment-large size-large wp-image-4895\" alt=\"Centre Dentaire IED Implantologie Esth\u00e9tique Dentisterie G\u00e9n\u00e9rale Pierrefonds Montr\u00e9al Quebec Dentistes\" srcset=\"https:\/\/centredentaireied.ca\/wp-content\/uploads\/2026\/02\/tech-banner.png 980w, https:\/\/centredentaireied.ca\/wp-content\/uploads\/2026\/02\/tech-banner-300x61.png 300w, https:\/\/centredentaireied.ca\/wp-content\/uploads\/2026\/02\/tech-banner-768x157.png 768w\" sizes=\"(max-width: 980px) 100vw, 980px\" \/>\t\t\t\t\t\t\t\t\t\t\t\t\t\t\t<\/div>\n\t\t<div class=\"elementor-element elementor-element-343ff22f e-con-full e-flex e-con e-child\" data-id=\"343ff22f\" data-element_type=\"container\" data-e-type=\"container\">\n\t\t\t\t<div class=\"elementor-element elementor-element-3f28225b elementor-widget elementor-widget-heading\" data-id=\"3f28225b\" data-element_type=\"widget\" data-e-type=\"widget\" data-widget_type=\"heading.default\">\n\t\t\t\t\t<h1 class=\"elementor-heading-title elementor-size-default\">CINIQUE DENTAIRE POUR LES R\u00c9SIDENTS DE SENNEVILLE<\/h1>\t\t\t\t<\/div>\n\t\t\t\t<div class=\"elementor-element elementor-element-41e7a94e elementor-widget-divider--view-line elementor-widget elementor-widget-divider\" data-id=\"41e7a94e\" data-element_type=\"widget\" data-e-type=\"widget\" data-widget_type=\"divider.default\">\n\t\t\t\t\t\t\t<div class=\"elementor-divider\">\n\t\t\t<span class=\"elementor-divider-separator\">\n\t\t\t\t\t\t<\/span>\n\t\t<\/div>\n\t\t\t\t\t\t<\/div>\n\t\t<div class=\"elementor-element elementor-element-2f90b476 e-con-full e-flex e-con e-child\" data-id=\"2f90b476\" data-element_type=\"container\" data-e-type=\"container\">\n\t\t<div class=\"elementor-element elementor-element-1bd8d8e2 e-con-full e-flex e-con e-child\" data-id=\"1bd8d8e2\" data-element_type=\"container\" data-e-type=\"container\">\n\t\t\t\t<div class=\"elementor-element elementor-element-7d31a36a elementor-widget elementor-widget-heading\" data-id=\"7d31a36a\" data-element_type=\"widget\" data-e-type=\"widget\" data-widget_type=\"heading.default\">\n\t\t\t\t\t<h2 class=\"elementor-heading-title elementor-size-default\">Histoire de la clinique sp\u00e9cialis\u00e9e en implantologie<\/h2>\t\t\t\t<\/div>\n\t\t\t\t<div class=\"elementor-element elementor-element-6f04eab4 elementor-widget elementor-widget-text-editor\" data-id=\"6f04eab4\" data-element_type=\"widget\" data-e-type=\"widget\" data-widget_type=\"text-editor.default\">\n\t\t\t\t\t\t\t\t\t<p>Le Centre dentaire IED, situ\u00e9e dans le West Island \u00e0 Montr\u00e9al, est au service de la client\u00e8le de la r\u00e9gion depuis 1987. Nous desservons, entre autres, Senneville et ses environs.<\/p>\t\t\t\t\t\t\t\t<\/div>\n\t\t\t\t<div class=\"elementor-element elementor-element-1678e439 elementor-widget elementor-widget-heading\" data-id=\"1678e439\" data-element_type=\"widget\" data-e-type=\"widget\" data-widget_type=\"heading.default\">\n\t\t\t\t\t<h2 class=\"elementor-heading-title elementor-size-default\">Services offerts par nos dentistes<\/h2>\t\t\t\t<\/div>\n\t\t\t\t<div class=\"elementor-element elementor-element-4024427b elementor-widget elementor-widget-text-editor\" data-id=\"4024427b\" data-element_type=\"widget\" data-e-type=\"widget\" data-widget_type=\"text-editor.default\">\n\t\t\t\t\t\t\t\t\t<p>Notre clinique est une r\u00e9f\u00e9rence dans le domaine de l\u2019<a href=\"https:\/\/www.centredentaireied.ca\/fr\/implantologie\/\" target=\"_blank\" rel=\"noopener\">implantologie<\/a>\u00a0au Qu\u00e9bec. Nous b\u00e9n\u00e9ficions donc d\u2019une expertise in\u00e9gal\u00e9e dans ce domaine, gr\u00e2ce \u00e0 un personnel sp\u00e9cialis\u00e9 et \u00e0 des installations \u00e0 la fine pointe de la technologie. Nous offrons, entre autres, des solutions \u00e0 l\u2019\u00e9dentement partiel ou complet, de m\u00eame que des options d\u2019implants viss\u00e9s et non viss\u00e9s et le syst\u00e8me\u00a0<em>All-on-4<\/em>.<\/p><p>En plus de nos services en implantologie, nous offrons aussi \u00e0 notre client\u00e8le tous les services dentaires g\u00e9n\u00e9raux. Que ce soit pour le traitement des gencives, les facettes en porcelaine ou l\u2019extraction de\u00a0<a href=\"https:\/\/www.centredentaireied.ca\/fr\/dents-de-sagesse\/\">dents de sagesse<\/a>, notre personnel se fera un plaisir de vous conseiller sur nos services personnalis\u00e9s.<\/p><p>Les gens de Senneville fr\u00e9quentent notre clinique depuis 30 ans d\u00e9j\u00e0. N\u2019attendez plus et appelez-nous d\u00e8s aujourd\u2019hui!<\/p><p>\u2190\u00a0<a href=\"https:\/\/www.centredentaireied.ca\/fr\/territoires-desservis\/\">Retour \u00e0 la liste<\/a><\/p>\t\t\t\t\t\t\t\t<\/div>\n\t\t\t\t<\/div>\n\t\t\t\t<div class=\"elementor-element elementor-element-2f76f91 elementor-widget elementor-widget-google_maps\" data-id=\"2f76f91\" data-element_type=\"widget\" data-e-type=\"widget\" data-widget_type=\"google_maps.default\">\n\t\t\t\t\t\t\t<div class=\"elementor-custom-embed\">\n\t\t\t<iframe loading=\"lazy\"\n\t\t\t\t\tsrc=\"https:\/\/maps.google.com\/maps?q=4849%20Saint-Charles%20Blvd%2C%20Pierrefonds-Roxboro%2C%20QC%20H9H%203E4%2C%20Canada&#038;t=m&#038;z=14&#038;output=embed&#038;iwloc=near\"\n\t\t\t\t\ttitle=\"4849 Saint-Charles Blvd, Pierrefonds-Roxboro, QC H9H 3E4, Canada\"\n\t\t\t\t\taria-label=\"4849 Saint-Charles Blvd, Pierrefonds-Roxboro, QC H9H 3E4, Canada\"\n\t\t\t><\/iframe>\n\t\t<\/div>\n\t\t\t\t\t\t<\/div>\n\t\t\t\t<\/div>\n\t\t\t\t<\/div>\n\t\t\t\t\t<\/div>\n\t\t\t\t<\/div>\n\t\t<div class=\"elementor-element elementor-element-1b9d9611 e-flex e-con-boxed e-con e-parent\" data-id=\"1b9d9611\" data-element_type=\"container\" data-e-type=\"container\">\n\t\t\t\t\t<div class=\"e-con-inner\">\n\t\t<div class=\"elementor-element elementor-element-5d4e7236 e-con-full e-flex e-con e-child\" data-id=\"5d4e7236\" data-element_type=\"container\" data-e-type=\"container\">\n\t\t<a class=\"elementor-element elementor-element-21d6b265 e-con-full footer-upper-container e-flex e-con e-child\" data-id=\"21d6b265\" data-element_type=\"container\" data-e-type=\"container\" data-settings=\"{&quot;background_background&quot;:&quot;classic&quot;}\" href=\"https:\/\/centredentaireied.ca\/fr\/nouveau-patient\/\">\n\t\t\t\t<div class=\"elementor-element elementor-element-37312782 elementor-widget elementor-widget-image\" data-id=\"37312782\" data-element_type=\"widget\" data-e-type=\"widget\" data-widget_type=\"image.default\">\n\t\t\t\t\t\t\t\t\t\t\t\t\t\t\t<img decoding=\"async\" src=\"https:\/\/centredentaireied.ca\/wp-content\/uploads\/elementor\/thumbs\/footer-newPatientsIcon-rjawlntp5j3l03iylr818l7xhitnv5rfonqcjuosxg.png\" title=\"\" alt=\"Centre Dentaire IED Implantologie Esth\u00e9tique Dentisterie G\u00e9n\u00e9rale Pierrefonds Montr\u00e9al Quebec Dentistes\" loading=\"lazy\" \/>\t\t\t\t\t\t\t\t\t\t\t\t\t\t\t<\/div>\n\t\t\t\t<div class=\"elementor-element elementor-element-25851002 footer-upper-text elementor-widget elementor-widget-text-editor\" data-id=\"25851002\" data-element_type=\"widget\" data-e-type=\"widget\" data-widget_type=\"text-editor.default\">\n\t\t\t\t\t\t\t\t\t<p>Nouveaux<br \/>patients<\/p>\t\t\t\t\t\t\t\t<\/div>\n\t\t\t\t<\/a>\n\t\t<a class=\"elementor-element elementor-element-41f682f7 e-con-full footer-upper-container e-flex e-con e-child\" data-id=\"41f682f7\" data-element_type=\"container\" data-e-type=\"container\" href=\"https:\/\/centredentaireied.ca\/fr\/services-dentisterie\/\">\n\t\t\t\t<div class=\"elementor-element elementor-element-2e1a4f8c elementor-widget elementor-widget-image\" data-id=\"2e1a4f8c\" data-element_type=\"widget\" data-e-type=\"widget\" data-widget_type=\"image.default\">\n\t\t\t\t\t\t\t\t\t\t\t\t\t\t\t<img decoding=\"async\" src=\"https:\/\/centredentaireied.ca\/wp-content\/uploads\/elementor\/thumbs\/footer-dentistryIcon-rjawlmvuw2c508jilwwcyvx2g6tlw92biwa1lqmiga.png\" title=\"\" alt=\"Centre Dentaire IED Implantologie Esth\u00e9tique Dentisterie G\u00e9n\u00e9rale Pierrefonds Montr\u00e9al Quebec Dentistes\" loading=\"lazy\" \/>\t\t\t\t\t\t\t\t\t\t\t\t\t\t\t<\/div>\n\t\t\t\t<div class=\"elementor-element elementor-element-7f339255 footer-upper-text elementor-widget elementor-widget-text-editor\" data-id=\"7f339255\" data-element_type=\"widget\" data-e-type=\"widget\" data-widget_type=\"text-editor.default\">\n\t\t\t\t\t\t\t\t\tDentisterie \u00e0<br>\nMontr\u00e9al\t\t\t\t\t\t\t\t<\/div>\n\t\t\t\t<\/a>\n\t\t<a class=\"elementor-element elementor-element-520c48fd e-con-full footer-upper-container e-flex e-con e-child\" data-id=\"520c48fd\" data-element_type=\"container\" data-e-type=\"container\" href=\"https:\/\/centredentaireied.ca\/fr\/implantologie\/\">\n\t\t\t\t<div class=\"elementor-element elementor-element-b64d504 elementor-widget elementor-widget-image\" data-id=\"b64d504\" data-element_type=\"widget\" data-e-type=\"widget\" data-widget_type=\"image.default\">\n\t\t\t\t\t\t\t\t\t\t\t\t\t\t\t<img decoding=\"async\" src=\"https:\/\/centredentaireied.ca\/wp-content\/uploads\/elementor\/thumbs\/footer-implantIcon-rjawlmvuiwpbm5k95gdi1hfk7r8yjwhua2025wsc92.png\" title=\"\" alt=\"Centre Dentaire IED Implantologie Esth\u00e9tique Dentisterie G\u00e9n\u00e9rale Pierrefonds Montr\u00e9al Quebec Dentistes\" loading=\"lazy\" \/>\t\t\t\t\t\t\t\t\t\t\t\t\t\t\t<\/div>\n\t\t\t\t<div class=\"elementor-element elementor-element-96785f1 footer-upper-text elementor-widget elementor-widget-text-editor\" data-id=\"96785f1\" data-element_type=\"widget\" data-e-type=\"widget\" data-widget_type=\"text-editor.default\">\n\t\t\t\t\t\t\t\t\tImplantologie<br>\ndentaire \u00e0<br>montr\u00e9al\t\t\t\t\t\t\t\t<\/div>\n\t\t\t\t<\/a>\n\t\t<a class=\"elementor-element elementor-element-343f1785 e-con-full footer-upper-container e-flex e-con e-child\" data-id=\"343f1785\" data-element_type=\"container\" data-e-type=\"container\" href=\"https:\/\/centredentaireied.ca\/fr\/nous-joindre\/\">\n\t\t\t\t<div class=\"elementor-element elementor-element-5328b38f elementor-widget elementor-widget-image\" data-id=\"5328b38f\" data-element_type=\"widget\" data-e-type=\"widget\" data-widget_type=\"image.default\">\n\t\t\t\t\t\t\t\t\t\t\t\t\t\t\t<img decoding=\"async\" src=\"https:\/\/centredentaireied.ca\/wp-content\/uploads\/elementor\/thumbs\/footer-contactUsIcon-rjawlly0nwxry6nlk4866x9k1as0ns0uotgc77jmzu.png\" title=\"\" alt=\"Centre Dentaire IED Implantologie Esth\u00e9tique Dentisterie G\u00e9n\u00e9rale Pierrefonds Montr\u00e9al Quebec Dentistes\" loading=\"lazy\" \/>\t\t\t\t\t\t\t\t\t\t\t\t\t\t\t<\/div>\n\t\t\t\t<div class=\"elementor-element elementor-element-4d3aa6a0 footer-upper-text elementor-widget elementor-widget-text-editor\" data-id=\"4d3aa6a0\" data-element_type=\"widget\" data-e-type=\"widget\" data-widget_type=\"text-editor.default\">\n\t\t\t\t\t\t\t\t\t<p>Nous joindre<\/p>\t\t\t\t\t\t\t\t<\/div>\n\t\t\t\t<\/a>\n\t\t\t\t<\/div>\n\t\t<div class=\"elementor-element elementor-element-584a7f1f e-con-full e-flex e-con e-child\" data-id=\"584a7f1f\" data-element_type=\"container\" data-e-type=\"container\">\n\t\t<div class=\"elementor-element elementor-element-3b1386d2 e-con-full e-flex e-con e-child\" data-id=\"3b1386d2\" data-element_type=\"container\" data-e-type=\"container\">\n\t\t\t\t<div class=\"elementor-element elementor-element-1d6cddf elementor-widget__width-initial elementor-widget elementor-widget-google_maps\" data-id=\"1d6cddf\" data-element_type=\"widget\" data-e-type=\"widget\" data-widget_type=\"google_maps.default\">\n\t\t\t\t\t\t\t<div class=\"elementor-custom-embed\">\n\t\t\t<iframe loading=\"lazy\"\n\t\t\t\t\tsrc=\"https:\/\/maps.google.com\/maps?q=4849%20Bd%20Saint-Charles%2C%20Pierrefonds%20-%20Roxboro%2C%20QC%20H9H%203E4%2C%20Canada&#038;t=m&#038;z=14&#038;output=embed&#038;iwloc=near\"\n\t\t\t\t\ttitle=\"4849 Bd Saint-Charles, Pierrefonds - Roxboro, QC H9H 3E4, Canada\"\n\t\t\t\t\taria-label=\"4849 Bd Saint-Charles, Pierrefonds - Roxboro, QC H9H 3E4, Canada\"\n\t\t\t><\/iframe>\n\t\t<\/div>\n\t\t\t\t\t\t<\/div>\n\t\t<div class=\"elementor-element elementor-element-1af152b0 e-con-full e-flex e-con e-child\" data-id=\"1af152b0\" data-element_type=\"container\" data-e-type=\"container\">\n\t\t\t\t<div class=\"elementor-element elementor-element-45cba3aa elementor-widget elementor-widget-text-editor\" data-id=\"45cba3aa\" data-element_type=\"widget\" data-e-type=\"widget\" data-widget_type=\"text-editor.default\">\n\t\t\t\t\t\t\t\t\t<span style=\"color: #95b2d6; font-size: 20px; font-weight: 900;\">4849 Boulevard Saint-Charles<\/span>\nH9H 3E4, Pierrefonds, Qu\u00e9bec.\n\nT\u00e9l\u00e9phone: <a href=\"tel: 5146240390\">(514) 624-0390<\/a>\nFax: (514) 624-1140\n<a href=\"mailto: info@centredentaireied.ca\">info@centredentaireied.ca<\/a>\t\t\t\t\t\t\t\t<\/div>\n\t\t\t\t<\/div>\n\t\t\t\t<div class=\"elementor-element elementor-element-1af8c1c6 elementor-widget elementor-widget-button\" data-id=\"1af8c1c6\" data-element_type=\"widget\" data-e-type=\"widget\" data-widget_type=\"button.default\">\n\t\t\t\t\t\t\t\t\t\t<a class=\"elementor-button elementor-button-link elementor-size-sm\" href=\"https:\/\/centredentaireied.ca\/fr\/nous-joindre\/\">\n\t\t\t\t\t\t<span class=\"elementor-button-content-wrapper\">\n\t\t\t\t\t\t\t\t\t<span class=\"elementor-button-text\">Nous joindre<\/span>\n\t\t\t\t\t<\/span>\n\t\t\t\t\t<\/a>\n\t\t\t\t\t\t\t\t<\/div>\n\t\t\t\t<\/div>\n\t\t<div class=\"elementor-element elementor-element-7bd86a2c e-con-full e-flex e-con e-child\" data-id=\"7bd86a2c\" data-element_type=\"container\" data-e-type=\"container\">\n\t\t\t\t<div class=\"elementor-element elementor-element-7603f5f5 elementor-widget__width-initial elementor-widget elementor-widget-text-editor\" data-id=\"7603f5f5\" data-element_type=\"widget\" data-e-type=\"widget\" data-widget_type=\"text-editor.default\">\n\t\t\t\t\t\t\t\t\t<p><a href=\"https:\/\/centredentaireied.ca\/fr\/nouveau-patient\/\">Nouveau patient<\/a><\/p><p><a href=\"https:\/\/centredentaireied.ca\/fr\/territoires-desservis\/\">Territoires desservis<\/a><\/p><p><a href=\"https:\/\/centredentaireied.ca\/fr\/politique-securite\/\">Politique de s\u00e9curit\u00e9<\/a><\/p><p><a href=\"https:\/\/centredentaireied.ca\/fr\/plan-du-site\/\">Plan du site<\/a><\/p>\t\t\t\t\t\t\t\t<\/div>\n\t\t\t\t<\/div>\n\t\t\t\t<\/div>\n\t\t\t\t<div class=\"elementor-element elementor-element-7f98b2f7 elementor-widget-divider--view-line elementor-widget elementor-widget-divider\" data-id=\"7f98b2f7\" data-element_type=\"widget\" data-e-type=\"widget\" data-widget_type=\"divider.default\">\n\t\t\t\t\t\t\t<div class=\"elementor-divider\">\n\t\t\t<span class=\"elementor-divider-separator\">\n\t\t\t\t\t\t<\/span>\n\t\t<\/div>\n\t\t\t\t\t\t<\/div>\n\t\t<div class=\"elementor-element elementor-element-4b130c04 e-con-full e-flex e-con e-child\" data-id=\"4b130c04\" data-element_type=\"container\" data-e-type=\"container\">\n\t\t\t\t<div class=\"elementor-element elementor-element-13d10eee elementor-widget elementor-widget-text-editor\" data-id=\"13d10eee\" data-element_type=\"widget\" data-e-type=\"widget\" data-widget_type=\"text-editor.default\">\n\t\t\t\t\t\t\t\t\t\u00a9 2026 <strong>Centre Dentaire IED<\/strong>. Tous droits r\u00e9serv\u00e9s.\t\t\t\t\t\t\t\t<\/div>\n\t\t\t\t<\/div>\n\t\t\t\t\t<\/div>\n\t\t\t\t<\/div>\n\t\t\t\t<\/div>\n\t\t","protected":false},"excerpt":{"rendered":"<p>CINIQUE DENTAIRE POUR LES R\u00c9SIDENTS DE SENNEVILLE Histoire de la clinique sp\u00e9cialis\u00e9e en implantologie Le Centre dentaire IED, situ\u00e9e dans le West Island \u00e0 Montr\u00e9al, est au service de la client\u00e8le de la r\u00e9gion depuis 1987. Nous desservons, entre autres, Senneville et ses environs. Services offerts par nos dentistes Notre clinique est une r\u00e9f\u00e9rence dans<\/p>\n","protected":false},"author":1,"featured_media":0,"parent":0,"menu_order":0,"comment_status":"closed","ping_status":"closed","template":"","meta":{"_acf_changed":false,"footnotes":""},"class_list":["post-4873","page","type-page","status-publish","hentry"],"acf":[],"yoast_head":"<!-- This site is optimized with the Yoast SEO plugin v27.3 - https:\/\/yoast.com\/product\/yoast-seo-wordpress\/ -->\n<title>Dentiste pr\u00e8s de Senneville | Centre dentaire IED Pierrefonds<\/title>\n<meta name=\"description\" content=\"Vous cherchez un dentiste pr\u00e8s de Senneville? Le Centre dentaire IED \u00e0 Pierrefonds offre implantologie, dentisterie g\u00e9n\u00e9rale et soins esth\u00e9tiques.\" \/>\n<meta name=\"robots\" content=\"index, follow, max-snippet:-1, max-image-preview:large, max-video-preview:-1\" \/>\n<link rel=\"canonical\" href=\"https:\/\/centredentaireied.ca\/120-dentist-senneville\/\" \/>\n<meta property=\"og:locale\" content=\"fr_FR\" \/>\n<meta property=\"og:type\" content=\"article\" \/>\n<meta property=\"og:title\" content=\"Dentiste pr\u00e8s de Senneville | Centre dentaire IED Pierrefonds\" \/>\n<meta property=\"og:description\" content=\"Vous cherchez un dentiste pr\u00e8s de Senneville? Le Centre dentaire IED \u00e0 Pierrefonds offre implantologie, dentisterie g\u00e9n\u00e9rale et soins esth\u00e9tiques.\" \/>\n<meta property=\"og:url\" content=\"https:\/\/centredentaireied.ca\/120-dentist-senneville\/\" \/>\n<meta property=\"og:site_name\" content=\"Centre Dentaire IED | Implants, Esthetics &amp; General Dentistry in Pierrefonds\" \/>\n<meta property=\"article:modified_time\" content=\"2026-03-16T15:39:08+00:00\" \/>\n<meta property=\"og:image\" content=\"https:\/\/centredentaireied.ca\/wp-content\/uploads\/2026\/02\/tech-banner.png\" \/>\n\t<meta property=\"og:image:width\" content=\"980\" \/>\n\t<meta property=\"og:image:height\" content=\"200\" \/>\n\t<meta property=\"og:image:type\" content=\"image\/png\" \/>\n<meta name=\"twitter:card\" content=\"summary_large_image\" \/>\n<meta name=\"twitter:label1\" content=\"Dur\u00e9e de lecture estim\u00e9e\" \/>\n\t<meta name=\"twitter:data1\" content=\"2 minutes\" \/>\n<script type=\"application\/ld+json\" class=\"yoast-schema-graph\">{\"@context\":\"https:\\\/\\\/schema.org\",\"@graph\":[{\"@type\":\"WebPage\",\"@id\":\"https:\\\/\\\/centredentaireied.ca\\\/120-dentist-senneville\\\/\",\"url\":\"https:\\\/\\\/centredentaireied.ca\\\/120-dentist-senneville\\\/\",\"name\":\"Dentiste pr\u00e8s de Senneville | Centre dentaire IED Pierrefonds\",\"isPartOf\":{\"@id\":\"https:\\\/\\\/centredentaireied.ca\\\/#website\"},\"primaryImageOfPage\":{\"@id\":\"https:\\\/\\\/centredentaireied.ca\\\/120-dentist-senneville\\\/#primaryimage\"},\"image\":{\"@id\":\"https:\\\/\\\/centredentaireied.ca\\\/120-dentist-senneville\\\/#primaryimage\"},\"thumbnailUrl\":\"https:\\\/\\\/centredentaireied.ca\\\/wp-content\\\/uploads\\\/2026\\\/02\\\/tech-banner.png\",\"datePublished\":\"2026-02-25T22:41:26+00:00\",\"dateModified\":\"2026-03-16T15:39:08+00:00\",\"description\":\"Vous cherchez un dentiste pr\u00e8s de Senneville? Le Centre dentaire IED \u00e0 Pierrefonds offre implantologie, dentisterie g\u00e9n\u00e9rale et soins esth\u00e9tiques.\",\"breadcrumb\":{\"@id\":\"https:\\\/\\\/centredentaireied.ca\\\/120-dentist-senneville\\\/#breadcrumb\"},\"inLanguage\":\"fr-FR\",\"potentialAction\":[{\"@type\":\"ReadAction\",\"target\":[\"https:\\\/\\\/centredentaireied.ca\\\/120-dentist-senneville\\\/\"]}]},{\"@type\":\"ImageObject\",\"inLanguage\":\"fr-FR\",\"@id\":\"https:\\\/\\\/centredentaireied.ca\\\/120-dentist-senneville\\\/#primaryimage\",\"url\":\"https:\\\/\\\/centredentaireied.ca\\\/wp-content\\\/uploads\\\/2026\\\/02\\\/tech-banner.png\",\"contentUrl\":\"https:\\\/\\\/centredentaireied.ca\\\/wp-content\\\/uploads\\\/2026\\\/02\\\/tech-banner.png\"},{\"@type\":\"BreadcrumbList\",\"@id\":\"https:\\\/\\\/centredentaireied.ca\\\/120-dentist-senneville\\\/#breadcrumb\",\"itemListElement\":[{\"@type\":\"ListItem\",\"position\":1,\"name\":\"Home\",\"item\":\"https:\\\/\\\/centredentaireied.ca\\\/\"},{\"@type\":\"ListItem\",\"position\":2,\"name\":\"120 Dentiste senneville\"}]},{\"@type\":\"WebSite\",\"@id\":\"https:\\\/\\\/centredentaireied.ca\\\/#website\",\"url\":\"https:\\\/\\\/centredentaireied.ca\\\/\",\"name\":\"Centre Dentaire IED\",\"description\":\"Implant, Esthetic &amp; General Dentistry in Pierrefonds\",\"publisher\":{\"@id\":\"https:\\\/\\\/centredentaireied.ca\\\/#organization\"},\"potentialAction\":[{\"@type\":\"SearchAction\",\"target\":{\"@type\":\"EntryPoint\",\"urlTemplate\":\"https:\\\/\\\/centredentaireied.ca\\\/?s={search_term_string}\"},\"query-input\":{\"@type\":\"PropertyValueSpecification\",\"valueRequired\":true,\"valueName\":\"search_term_string\"}}],\"inLanguage\":\"fr-FR\"},{\"@type\":\"Organization\",\"@id\":\"https:\\\/\\\/centredentaireied.ca\\\/#organization\",\"name\":\"Centre Dentaire IED\",\"url\":\"https:\\\/\\\/centredentaireied.ca\\\/\",\"logo\":{\"@type\":\"ImageObject\",\"inLanguage\":\"fr-FR\",\"@id\":\"https:\\\/\\\/centredentaireied.ca\\\/#\\\/schema\\\/logo\\\/image\\\/\",\"url\":\"https:\\\/\\\/centredentaireied.ca\\\/wp-content\\\/uploads\\\/2026\\\/03\\\/Centre-Dentaire-IED-logo-small.png\",\"contentUrl\":\"https:\\\/\\\/centredentaireied.ca\\\/wp-content\\\/uploads\\\/2026\\\/03\\\/Centre-Dentaire-IED-logo-small.png\",\"width\":900,\"height\":300,\"caption\":\"Centre Dentaire IED\"},\"image\":{\"@id\":\"https:\\\/\\\/centredentaireied.ca\\\/#\\\/schema\\\/logo\\\/image\\\/\"}}]}<\/script>\n<!-- \/ Yoast SEO plugin. -->","yoast_head_json":{"title":"Dentiste pr\u00e8s de Senneville | Centre dentaire IED Pierrefonds","description":"Vous cherchez un dentiste pr\u00e8s de Senneville? Le Centre dentaire IED \u00e0 Pierrefonds offre implantologie, dentisterie g\u00e9n\u00e9rale et soins esth\u00e9tiques.","robots":{"index":"index","follow":"follow","max-snippet":"max-snippet:-1","max-image-preview":"max-image-preview:large","max-video-preview":"max-video-preview:-1"},"canonical":"https:\/\/centredentaireied.ca\/120-dentist-senneville\/","og_locale":"fr_FR","og_type":"article","og_title":"Dentiste pr\u00e8s de Senneville | Centre dentaire IED Pierrefonds","og_description":"Vous cherchez un dentiste pr\u00e8s de Senneville? Le Centre dentaire IED \u00e0 Pierrefonds offre implantologie, dentisterie g\u00e9n\u00e9rale et soins esth\u00e9tiques.","og_url":"https:\/\/centredentaireied.ca\/120-dentist-senneville\/","og_site_name":"Centre Dentaire IED | Implants, Esthetics &amp; General Dentistry in Pierrefonds","article_modified_time":"2026-03-16T15:39:08+00:00","og_image":[{"width":980,"height":200,"url":"https:\/\/centredentaireied.ca\/wp-content\/uploads\/2026\/02\/tech-banner.png","type":"image\/png"}],"twitter_card":"summary_large_image","twitter_misc":{"Dur\u00e9e de lecture estim\u00e9e":"2 minutes"},"schema":{"@context":"https:\/\/schema.org","@graph":[{"@type":"WebPage","@id":"https:\/\/centredentaireied.ca\/120-dentist-senneville\/","url":"https:\/\/centredentaireied.ca\/120-dentist-senneville\/","name":"Dentiste pr\u00e8s de Senneville | Centre dentaire IED Pierrefonds","isPartOf":{"@id":"https:\/\/centredentaireied.ca\/#website"},"primaryImageOfPage":{"@id":"https:\/\/centredentaireied.ca\/120-dentist-senneville\/#primaryimage"},"image":{"@id":"https:\/\/centredentaireied.ca\/120-dentist-senneville\/#primaryimage"},"thumbnailUrl":"https:\/\/centredentaireied.ca\/wp-content\/uploads\/2026\/02\/tech-banner.png","datePublished":"2026-02-25T22:41:26+00:00","dateModified":"2026-03-16T15:39:08+00:00","description":"Vous cherchez un dentiste pr\u00e8s de Senneville? Le Centre dentaire IED \u00e0 Pierrefonds offre implantologie, dentisterie g\u00e9n\u00e9rale et soins esth\u00e9tiques.","breadcrumb":{"@id":"https:\/\/centredentaireied.ca\/120-dentist-senneville\/#breadcrumb"},"inLanguage":"fr-FR","potentialAction":[{"@type":"ReadAction","target":["https:\/\/centredentaireied.ca\/120-dentist-senneville\/"]}]},{"@type":"ImageObject","inLanguage":"fr-FR","@id":"https:\/\/centredentaireied.ca\/120-dentist-senneville\/#primaryimage","url":"https:\/\/centredentaireied.ca\/wp-content\/uploads\/2026\/02\/tech-banner.png","contentUrl":"https:\/\/centredentaireied.ca\/wp-content\/uploads\/2026\/02\/tech-banner.png"},{"@type":"BreadcrumbList","@id":"https:\/\/centredentaireied.ca\/120-dentist-senneville\/#breadcrumb","itemListElement":[{"@type":"ListItem","position":1,"name":"Home","item":"https:\/\/centredentaireied.ca\/"},{"@type":"ListItem","position":2,"name":"120 Dentiste senneville"}]},{"@type":"WebSite","@id":"https:\/\/centredentaireied.ca\/#website","url":"https:\/\/centredentaireied.ca\/","name":"Centre Dentaire IED","description":"Implant, Esthetic &amp; General Dentistry in Pierrefonds","publisher":{"@id":"https:\/\/centredentaireied.ca\/#organization"},"potentialAction":[{"@type":"SearchAction","target":{"@type":"EntryPoint","urlTemplate":"https:\/\/centredentaireied.ca\/?s={search_term_string}"},"query-input":{"@type":"PropertyValueSpecification","valueRequired":true,"valueName":"search_term_string"}}],"inLanguage":"fr-FR"},{"@type":"Organization","@id":"https:\/\/centredentaireied.ca\/#organization","name":"Centre Dentaire IED","url":"https:\/\/centredentaireied.ca\/","logo":{"@type":"ImageObject","inLanguage":"fr-FR","@id":"https:\/\/centredentaireied.ca\/#\/schema\/logo\/image\/","url":"https:\/\/centredentaireied.ca\/wp-content\/uploads\/2026\/03\/Centre-Dentaire-IED-logo-small.png","contentUrl":"https:\/\/centredentaireied.ca\/wp-content\/uploads\/2026\/03\/Centre-Dentaire-IED-logo-small.png","width":900,"height":300,"caption":"Centre Dentaire IED"},"image":{"@id":"https:\/\/centredentaireied.ca\/#\/schema\/logo\/image\/"}}]}},"featured_image_src":null,"featured_image_src_square":null,"_links":{"self":[{"href":"https:\/\/centredentaireied.ca\/fr\/wp-json\/wp\/v2\/pages\/4873","targetHints":{"allow":["GET"]}}],"collection":[{"href":"https:\/\/centredentaireied.ca\/fr\/wp-json\/wp\/v2\/pages"}],"about":[{"href":"https:\/\/centredentaireied.ca\/fr\/wp-json\/wp\/v2\/types\/page"}],"author":[{"embeddable":true,"href":"https:\/\/centredentaireied.ca\/fr\/wp-json\/wp\/v2\/users\/1"}],"replies":[{"embeddable":true,"href":"https:\/\/centredentaireied.ca\/fr\/wp-json\/wp\/v2\/comments?post=4873"}],"version-history":[{"count":0,"href":"https:\/\/centredentaireied.ca\/fr\/wp-json\/wp\/v2\/pages\/4873\/revisions"}],"wp:attachment":[{"href":"https:\/\/centredentaireied.ca\/fr\/wp-json\/wp\/v2\/media?parent=4873"}],"curies":[{"name":"wp","href":"https:\/\/api.w.org\/{rel}","templated":true}]}}