{"id":4859,"date":"2026-02-25T16:55:44","date_gmt":"2026-02-25T21:55:44","guid":{"rendered":"https:\/\/centredentaireied.ca\/?page_id=4859"},"modified":"2026-03-16T10:30:53","modified_gmt":"2026-03-16T15:30:53","slug":"116-dentiste-kirkland","status":"publish","type":"page","link":"https:\/\/centredentaireied.ca\/fr\/116-dentiste-kirkland\/","title":{"rendered":"116 Dentiste kirkland"},"content":{"rendered":"\t\t<div data-elementor-type=\"wp-page\" data-elementor-id=\"4859\" class=\"elementor elementor-4859 elementor-4853\" data-elementor-post-type=\"page\">\n\t\t\t\t<div class=\"elementor-element elementor-element-405444d4 e-flex e-con-boxed e-con e-parent\" data-id=\"405444d4\" data-element_type=\"container\" data-e-type=\"container\">\n\t\t\t\t\t<div class=\"e-con-inner\">\n\t\t\t\t<div class=\"elementor-element elementor-element-70264e02 elementor-widget__width-inherit elementor-widget elementor-widget-image\" data-id=\"70264e02\" data-element_type=\"widget\" data-e-type=\"widget\" data-widget_type=\"image.default\">\n\t\t\t\t\t\t\t\t\t\t\t\t\t\t\t<img fetchpriority=\"high\" decoding=\"async\" width=\"980\" height=\"200\" src=\"https:\/\/centredentaireied.ca\/wp-content\/uploads\/2026\/02\/tech-banner.png\" class=\"attachment-large size-large wp-image-4895\" alt=\"Centre Dentaire IED Implantologie Esth\u00e9tique Dentisterie G\u00e9n\u00e9rale Pierrefonds Montr\u00e9al Quebec Dentistes\" srcset=\"https:\/\/centredentaireied.ca\/wp-content\/uploads\/2026\/02\/tech-banner.png 980w, https:\/\/centredentaireied.ca\/wp-content\/uploads\/2026\/02\/tech-banner-300x61.png 300w, https:\/\/centredentaireied.ca\/wp-content\/uploads\/2026\/02\/tech-banner-768x157.png 768w\" sizes=\"(max-width: 980px) 100vw, 980px\" \/>\t\t\t\t\t\t\t\t\t\t\t\t\t\t\t<\/div>\n\t\t<div class=\"elementor-element elementor-element-7f9d726c e-con-full e-flex e-con e-child\" data-id=\"7f9d726c\" data-element_type=\"container\" data-e-type=\"container\">\n\t\t\t\t<div class=\"elementor-element elementor-element-555772dc elementor-widget elementor-widget-heading\" data-id=\"555772dc\" data-element_type=\"widget\" data-e-type=\"widget\" data-widget_type=\"heading.default\">\n\t\t\t\t\t<h1 class=\"elementor-heading-title elementor-size-default\">DENTISTE POUR LES HABITANTS DE KIRKLAND<\/h1>\t\t\t\t<\/div>\n\t\t\t\t<div class=\"elementor-element elementor-element-28059153 elementor-widget-divider--view-line elementor-widget elementor-widget-divider\" data-id=\"28059153\" data-element_type=\"widget\" data-e-type=\"widget\" data-widget_type=\"divider.default\">\n\t\t\t\t\t\t\t<div class=\"elementor-divider\">\n\t\t\t<span class=\"elementor-divider-separator\">\n\t\t\t\t\t\t<\/span>\n\t\t<\/div>\n\t\t\t\t\t\t<\/div>\n\t\t<div class=\"elementor-element elementor-element-441e6385 e-con-full e-flex e-con e-child\" data-id=\"441e6385\" data-element_type=\"container\" data-e-type=\"container\">\n\t\t<div class=\"elementor-element elementor-element-170b7bfb e-con-full e-flex e-con e-child\" data-id=\"170b7bfb\" data-element_type=\"container\" data-e-type=\"container\">\n\t\t\t\t<div class=\"elementor-element elementor-element-4604d62b elementor-widget elementor-widget-heading\" data-id=\"4604d62b\" data-element_type=\"widget\" data-e-type=\"widget\" data-widget_type=\"heading.default\">\n\t\t\t\t\t<h2 class=\"elementor-heading-title elementor-size-default\">Histoire du centre dentaire \u00e0 proximit\u00e9 de Kirkland<\/h2>\t\t\t\t<\/div>\n\t\t\t\t<div class=\"elementor-element elementor-element-479013ad elementor-widget elementor-widget-text-editor\" data-id=\"479013ad\" data-element_type=\"widget\" data-e-type=\"widget\" data-widget_type=\"text-editor.default\">\n\t\t\t\t\t\t\t\t\t<p>Le Centre dentaire IED est situ\u00e9e dans le West Island de Montr\u00e9al, depuis sa fondation en 1987. Nous desservons une client\u00e8le provenant, entre autres, de Kirkland et de ses environs.<\/p>\t\t\t\t\t\t\t\t<\/div>\n\t\t\t\t<div class=\"elementor-element elementor-element-187e50e8 elementor-widget elementor-widget-heading\" data-id=\"187e50e8\" data-element_type=\"widget\" data-e-type=\"widget\" data-widget_type=\"heading.default\">\n\t\t\t\t\t<h2 class=\"elementor-heading-title elementor-size-default\">Services offerts par nos dentistes<\/h2>\t\t\t\t<\/div>\n\t\t\t\t<div class=\"elementor-element elementor-element-576d1700 elementor-widget elementor-widget-text-editor\" data-id=\"576d1700\" data-element_type=\"widget\" data-e-type=\"widget\" data-widget_type=\"text-editor.default\">\n\t\t\t\t\t\t\t\t\t<p>Notre clinique se sp\u00e9cialise donc dans le domaine de l\u2019implantologie, offrant une expertise in\u00e9gal\u00e9e \u00e0 l\u2019\u00e9chelle provinciale. Nous nous sp\u00e9cialisons dans le service de pose d\u2019implants et b\u00e9n\u00e9ficions de l\u2019\u00e9quipement n\u00e9cessaire \u00e0 la <a href=\"https:\/\/www.centredentaireied.ca\/fr\/implantologie\/\" target=\"_blank\" rel=\"noopener\">chirurgie implantaire guid\u00e9e par ordinateur<\/a>.<\/p><p>Notre clinique offre aussi, en plus de nos services en implantologie, tous les services de\u00a0<a href=\"https:\/\/www.centredentaireied.ca\/fr\/services-dentisterie\/\">soins dentaires g\u00e9n\u00e9raux<\/a>. Que ce soit pour le traitement des gencives, la pose de couronnes ou de ponts, ou encore les scellants dentaires, nos professionnels sauront vous conseiller sur les solutions r\u00e9pondant \u00e0 vos besoins.<\/p><p>Que vous soyez r\u00e9sident de Kirkland ou de ses environs, n\u2019h\u00e9sitez pas \u00e0\u00a0<a href=\"https:\/\/www.centredentaireied.ca\/fr\/nous-joindre\/\" target=\"_blank\" rel=\"noopener\">contacter le Centre dentaire IED<\/a>\u00a0pour obtenir plus d\u2019information sur nos services personnalis\u00e9s.<\/p><p>\u2190\u00a0<a href=\"https:\/\/www.cliniquedentairetremblay.com\/territoires-desservis.html\">Retour \u00e0 la liste<\/a><\/p>\t\t\t\t\t\t\t\t<\/div>\n\t\t\t\t<\/div>\n\t\t\t\t<div class=\"elementor-element elementor-element-58bc4a9b elementor-widget elementor-widget-google_maps\" data-id=\"58bc4a9b\" data-element_type=\"widget\" data-e-type=\"widget\" data-widget_type=\"google_maps.default\">\n\t\t\t\t\t\t\t<div class=\"elementor-custom-embed\">\n\t\t\t<iframe loading=\"lazy\"\n\t\t\t\t\tsrc=\"https:\/\/maps.google.com\/maps?q=4849%20Saint-Charles%20Blvd%2C%20Pierrefonds-Roxboro%2C%20QC%20H9H%203E4%2C%20Canada&#038;t=m&#038;z=14&#038;output=embed&#038;iwloc=near\"\n\t\t\t\t\ttitle=\"4849 Saint-Charles Blvd, Pierrefonds-Roxboro, QC H9H 3E4, Canada\"\n\t\t\t\t\taria-label=\"4849 Saint-Charles Blvd, Pierrefonds-Roxboro, QC H9H 3E4, Canada\"\n\t\t\t><\/iframe>\n\t\t<\/div>\n\t\t\t\t\t\t<\/div>\n\t\t\t\t<\/div>\n\t\t\t\t<\/div>\n\t\t\t\t\t<\/div>\n\t\t\t\t<\/div>\n\t\t<div class=\"elementor-element elementor-element-22d5108a e-flex e-con-boxed e-con e-parent\" data-id=\"22d5108a\" data-element_type=\"container\" data-e-type=\"container\">\n\t\t\t\t\t<div class=\"e-con-inner\">\n\t\t<div class=\"elementor-element elementor-element-502c87e7 e-con-full e-flex e-con e-child\" data-id=\"502c87e7\" data-element_type=\"container\" data-e-type=\"container\">\n\t\t<a class=\"elementor-element elementor-element-587d1193 e-con-full footer-upper-container e-flex e-con e-child\" data-id=\"587d1193\" data-element_type=\"container\" data-e-type=\"container\" data-settings=\"{&quot;background_background&quot;:&quot;classic&quot;}\" href=\"https:\/\/centredentaireied.ca\/fr\/nouveau-patient\/\">\n\t\t\t\t<div class=\"elementor-element elementor-element-38744b92 elementor-widget elementor-widget-image\" data-id=\"38744b92\" data-element_type=\"widget\" data-e-type=\"widget\" data-widget_type=\"image.default\">\n\t\t\t\t\t\t\t\t\t\t\t\t\t\t\t<img decoding=\"async\" src=\"https:\/\/centredentaireied.ca\/wp-content\/uploads\/elementor\/thumbs\/footer-newPatientsIcon-rjawlntp5j3l03iylr818l7xhitnv5rfonqcjuosxg.png\" title=\"\" alt=\"Centre Dentaire IED Implantologie Esth\u00e9tique Dentisterie G\u00e9n\u00e9rale Pierrefonds Montr\u00e9al Quebec Dentistes\" loading=\"lazy\" \/>\t\t\t\t\t\t\t\t\t\t\t\t\t\t\t<\/div>\n\t\t\t\t<div class=\"elementor-element elementor-element-52f58345 footer-upper-text elementor-widget elementor-widget-text-editor\" data-id=\"52f58345\" data-element_type=\"widget\" data-e-type=\"widget\" data-widget_type=\"text-editor.default\">\n\t\t\t\t\t\t\t\t\t<p>Nouveaux<br \/>patients<\/p>\t\t\t\t\t\t\t\t<\/div>\n\t\t\t\t<\/a>\n\t\t<a class=\"elementor-element elementor-element-7ece8d92 e-con-full footer-upper-container e-flex e-con e-child\" data-id=\"7ece8d92\" data-element_type=\"container\" data-e-type=\"container\" href=\"https:\/\/centredentaireied.ca\/fr\/services-dentisterie\/\">\n\t\t\t\t<div class=\"elementor-element elementor-element-1b812332 elementor-widget elementor-widget-image\" data-id=\"1b812332\" data-element_type=\"widget\" data-e-type=\"widget\" data-widget_type=\"image.default\">\n\t\t\t\t\t\t\t\t\t\t\t\t\t\t\t<img decoding=\"async\" src=\"https:\/\/centredentaireied.ca\/wp-content\/uploads\/elementor\/thumbs\/footer-dentistryIcon-rjawlmvuw2c508jilwwcyvx2g6tlw92biwa1lqmiga.png\" title=\"\" alt=\"Centre Dentaire IED Implantologie Esth\u00e9tique Dentisterie G\u00e9n\u00e9rale Pierrefonds Montr\u00e9al Quebec Dentistes\" loading=\"lazy\" \/>\t\t\t\t\t\t\t\t\t\t\t\t\t\t\t<\/div>\n\t\t\t\t<div class=\"elementor-element elementor-element-1515cbe2 footer-upper-text elementor-widget elementor-widget-text-editor\" data-id=\"1515cbe2\" data-element_type=\"widget\" data-e-type=\"widget\" data-widget_type=\"text-editor.default\">\n\t\t\t\t\t\t\t\t\tDentisterie \u00e0<br>\nMontr\u00e9al\t\t\t\t\t\t\t\t<\/div>\n\t\t\t\t<\/a>\n\t\t<a class=\"elementor-element elementor-element-721558ed e-con-full footer-upper-container e-flex e-con e-child\" data-id=\"721558ed\" data-element_type=\"container\" data-e-type=\"container\" href=\"https:\/\/centredentaireied.ca\/fr\/implantologie\/\">\n\t\t\t\t<div class=\"elementor-element elementor-element-34701348 elementor-widget elementor-widget-image\" data-id=\"34701348\" data-element_type=\"widget\" data-e-type=\"widget\" data-widget_type=\"image.default\">\n\t\t\t\t\t\t\t\t\t\t\t\t\t\t\t<img decoding=\"async\" src=\"https:\/\/centredentaireied.ca\/wp-content\/uploads\/elementor\/thumbs\/footer-implantIcon-rjawlmvuiwpbm5k95gdi1hfk7r8yjwhua2025wsc92.png\" title=\"\" alt=\"Centre Dentaire IED Implantologie Esth\u00e9tique Dentisterie G\u00e9n\u00e9rale Pierrefonds Montr\u00e9al Quebec Dentistes\" loading=\"lazy\" \/>\t\t\t\t\t\t\t\t\t\t\t\t\t\t\t<\/div>\n\t\t\t\t<div class=\"elementor-element elementor-element-5d72b8f0 footer-upper-text elementor-widget elementor-widget-text-editor\" data-id=\"5d72b8f0\" data-element_type=\"widget\" data-e-type=\"widget\" data-widget_type=\"text-editor.default\">\n\t\t\t\t\t\t\t\t\tImplantologie<br>\ndentaire \u00e0<br>montr\u00e9al\t\t\t\t\t\t\t\t<\/div>\n\t\t\t\t<\/a>\n\t\t<a class=\"elementor-element elementor-element-d752c49 e-con-full footer-upper-container e-flex e-con e-child\" data-id=\"d752c49\" data-element_type=\"container\" data-e-type=\"container\" href=\"https:\/\/centredentaireied.ca\/fr\/nous-joindre\/\">\n\t\t\t\t<div class=\"elementor-element elementor-element-5b4f9522 elementor-widget elementor-widget-image\" data-id=\"5b4f9522\" data-element_type=\"widget\" data-e-type=\"widget\" data-widget_type=\"image.default\">\n\t\t\t\t\t\t\t\t\t\t\t\t\t\t\t<img decoding=\"async\" src=\"https:\/\/centredentaireied.ca\/wp-content\/uploads\/elementor\/thumbs\/footer-contactUsIcon-rjawlly0nwxry6nlk4866x9k1as0ns0uotgc77jmzu.png\" title=\"\" alt=\"Centre Dentaire IED Implantologie Esth\u00e9tique Dentisterie G\u00e9n\u00e9rale Pierrefonds Montr\u00e9al Quebec Dentistes\" loading=\"lazy\" \/>\t\t\t\t\t\t\t\t\t\t\t\t\t\t\t<\/div>\n\t\t\t\t<div class=\"elementor-element elementor-element-188bea01 footer-upper-text elementor-widget elementor-widget-text-editor\" data-id=\"188bea01\" data-element_type=\"widget\" data-e-type=\"widget\" data-widget_type=\"text-editor.default\">\n\t\t\t\t\t\t\t\t\t<p>Nous joindre<\/p>\t\t\t\t\t\t\t\t<\/div>\n\t\t\t\t<\/a>\n\t\t\t\t<\/div>\n\t\t<div class=\"elementor-element elementor-element-7e0bfa13 e-con-full e-flex e-con e-child\" data-id=\"7e0bfa13\" data-element_type=\"container\" data-e-type=\"container\">\n\t\t<div class=\"elementor-element elementor-element-56b2e1e3 e-con-full e-flex e-con e-child\" data-id=\"56b2e1e3\" data-element_type=\"container\" data-e-type=\"container\">\n\t\t\t\t<div class=\"elementor-element elementor-element-39f1fed2 elementor-widget__width-initial elementor-widget elementor-widget-google_maps\" data-id=\"39f1fed2\" data-element_type=\"widget\" data-e-type=\"widget\" data-widget_type=\"google_maps.default\">\n\t\t\t\t\t\t\t<div class=\"elementor-custom-embed\">\n\t\t\t<iframe loading=\"lazy\"\n\t\t\t\t\tsrc=\"https:\/\/maps.google.com\/maps?q=4849%20Bd%20Saint-Charles%2C%20Pierrefonds%20-%20Roxboro%2C%20QC%20H9H%203E4%2C%20Canada&#038;t=m&#038;z=14&#038;output=embed&#038;iwloc=near\"\n\t\t\t\t\ttitle=\"4849 Bd Saint-Charles, Pierrefonds - Roxboro, QC H9H 3E4, Canada\"\n\t\t\t\t\taria-label=\"4849 Bd Saint-Charles, Pierrefonds - Roxboro, QC H9H 3E4, Canada\"\n\t\t\t><\/iframe>\n\t\t<\/div>\n\t\t\t\t\t\t<\/div>\n\t\t<div class=\"elementor-element elementor-element-6a473e7 e-con-full e-flex e-con e-child\" data-id=\"6a473e7\" data-element_type=\"container\" data-e-type=\"container\">\n\t\t\t\t<div class=\"elementor-element elementor-element-6014f239 elementor-widget elementor-widget-text-editor\" data-id=\"6014f239\" data-element_type=\"widget\" data-e-type=\"widget\" data-widget_type=\"text-editor.default\">\n\t\t\t\t\t\t\t\t\t<span style=\"color: #95b2d6; font-size: 20px; font-weight: 900;\">4849 Boulevard Saint-Charles<\/span>\nH9H 3E4, Pierrefonds, Qu\u00e9bec.\n\nT\u00e9l\u00e9phone: <a href=\"tel: 5146240390\">(514) 624-0390<\/a>\nFax: (514) 624-1140\n<a href=\"mailto: info@centredentaireied.ca\">info@centredentaireied.ca<\/a>\t\t\t\t\t\t\t\t<\/div>\n\t\t\t\t<\/div>\n\t\t\t\t<div class=\"elementor-element elementor-element-14544936 elementor-widget elementor-widget-button\" data-id=\"14544936\" data-element_type=\"widget\" data-e-type=\"widget\" data-widget_type=\"button.default\">\n\t\t\t\t\t\t\t\t\t\t<a class=\"elementor-button elementor-button-link elementor-size-sm\" href=\"https:\/\/centredentaireied.ca\/fr\/nous-joindre\/\">\n\t\t\t\t\t\t<span class=\"elementor-button-content-wrapper\">\n\t\t\t\t\t\t\t\t\t<span class=\"elementor-button-text\">Nous joindre<\/span>\n\t\t\t\t\t<\/span>\n\t\t\t\t\t<\/a>\n\t\t\t\t\t\t\t\t<\/div>\n\t\t\t\t<\/div>\n\t\t<div class=\"elementor-element elementor-element-2b9227af e-con-full e-flex e-con e-child\" data-id=\"2b9227af\" data-element_type=\"container\" data-e-type=\"container\">\n\t\t\t\t<div class=\"elementor-element elementor-element-30109fe3 elementor-widget__width-initial elementor-widget elementor-widget-text-editor\" data-id=\"30109fe3\" data-element_type=\"widget\" data-e-type=\"widget\" data-widget_type=\"text-editor.default\">\n\t\t\t\t\t\t\t\t\t<p><a href=\"https:\/\/centredentaireied.ca\/fr\/nouveau-patient\/\">Nouveau patient<\/a><\/p><p><a href=\"https:\/\/centredentaireied.ca\/fr\/territoires-desservis\/\">Territoires desservis<\/a><\/p><p><a href=\"https:\/\/centredentaireied.ca\/fr\/politique-securite\/\">Politique de s\u00e9curit\u00e9<\/a><\/p><p><a href=\"https:\/\/centredentaireied.ca\/fr\/plan-du-site\/\">Plan du site<\/a><\/p>\t\t\t\t\t\t\t\t<\/div>\n\t\t\t\t<\/div>\n\t\t\t\t<\/div>\n\t\t\t\t<div class=\"elementor-element elementor-element-407dc46d elementor-widget-divider--view-line elementor-widget elementor-widget-divider\" data-id=\"407dc46d\" data-element_type=\"widget\" data-e-type=\"widget\" data-widget_type=\"divider.default\">\n\t\t\t\t\t\t\t<div class=\"elementor-divider\">\n\t\t\t<span class=\"elementor-divider-separator\">\n\t\t\t\t\t\t<\/span>\n\t\t<\/div>\n\t\t\t\t\t\t<\/div>\n\t\t<div class=\"elementor-element elementor-element-6186be87 e-con-full e-flex e-con e-child\" data-id=\"6186be87\" data-element_type=\"container\" data-e-type=\"container\">\n\t\t\t\t<div class=\"elementor-element elementor-element-27526157 elementor-widget elementor-widget-text-editor\" data-id=\"27526157\" data-element_type=\"widget\" data-e-type=\"widget\" data-widget_type=\"text-editor.default\">\n\t\t\t\t\t\t\t\t\t\u00a9 2026 <strong>Centre Dentaire IED<\/strong>. Tous droits r\u00e9serv\u00e9s.\t\t\t\t\t\t\t\t<\/div>\n\t\t\t\t<\/div>\n\t\t\t\t\t<\/div>\n\t\t\t\t<\/div>\n\t\t\t\t<\/div>\n\t\t","protected":false},"excerpt":{"rendered":"<p>DENTISTE POUR LES HABITANTS DE KIRKLAND Histoire du centre dentaire \u00e0 proximit\u00e9 de Kirkland Le Centre dentaire IED est situ\u00e9e dans le West Island de Montr\u00e9al, depuis sa fondation en 1987. Nous desservons une client\u00e8le provenant, entre autres, de Kirkland et de ses environs. Services offerts par nos dentistes Notre clinique se sp\u00e9cialise donc dans<\/p>\n","protected":false},"author":1,"featured_media":0,"parent":0,"menu_order":0,"comment_status":"closed","ping_status":"closed","template":"","meta":{"_acf_changed":false,"footnotes":""},"class_list":["post-4859","page","type-page","status-publish","hentry"],"acf":[],"yoast_head":"<!-- This site is optimized with the Yoast SEO plugin v27.4 - https:\/\/yoast.com\/product\/yoast-seo-wordpress\/ -->\n<title>Dentiste pr\u00e8s de Kirkland | Centre dentaire IED Pierrefonds<\/title>\n<meta name=\"description\" content=\"Vous cherchez un dentiste pr\u00e8s de Kirkland? Le Centre dentaire IED \u00e0 Pierrefonds offre implantologie, dentisterie g\u00e9n\u00e9rale et soins esth\u00e9tiques.\" \/>\n<meta name=\"robots\" content=\"index, follow, max-snippet:-1, max-image-preview:large, max-video-preview:-1\" \/>\n<link rel=\"canonical\" href=\"https:\/\/centredentaireied.ca\/116-dentist-kirkland\/\" \/>\n<meta property=\"og:locale\" content=\"fr_FR\" \/>\n<meta property=\"og:type\" content=\"article\" \/>\n<meta property=\"og:title\" content=\"Dentiste pr\u00e8s de Kirkland | Centre dentaire IED Pierrefonds\" \/>\n<meta property=\"og:description\" content=\"Vous cherchez un dentiste pr\u00e8s de Kirkland? Le Centre dentaire IED \u00e0 Pierrefonds offre implantologie, dentisterie g\u00e9n\u00e9rale et soins esth\u00e9tiques.\" \/>\n<meta property=\"og:url\" content=\"https:\/\/centredentaireied.ca\/116-dentist-kirkland\/\" \/>\n<meta property=\"og:site_name\" content=\"Centre Dentaire IED | Implants, Esthetics &amp; General Dentistry in Pierrefonds\" \/>\n<meta property=\"article:modified_time\" content=\"2026-03-16T15:30:53+00:00\" \/>\n<meta property=\"og:image\" content=\"https:\/\/centredentaireied.ca\/wp-content\/uploads\/2026\/02\/tech-banner.png\" \/>\n\t<meta property=\"og:image:width\" content=\"980\" \/>\n\t<meta property=\"og:image:height\" content=\"200\" \/>\n\t<meta property=\"og:image:type\" content=\"image\/png\" \/>\n<meta name=\"twitter:card\" content=\"summary_large_image\" \/>\n<meta name=\"twitter:label1\" content=\"Dur\u00e9e de lecture estim\u00e9e\" \/>\n\t<meta name=\"twitter:data1\" content=\"2 minutes\" \/>\n<script type=\"application\/ld+json\" class=\"yoast-schema-graph\">{\"@context\":\"https:\\\/\\\/schema.org\",\"@graph\":[{\"@type\":\"WebPage\",\"@id\":\"https:\\\/\\\/centredentaireied.ca\\\/116-dentist-kirkland\\\/\",\"url\":\"https:\\\/\\\/centredentaireied.ca\\\/116-dentist-kirkland\\\/\",\"name\":\"Dentiste pr\u00e8s de Kirkland | Centre dentaire IED Pierrefonds\",\"isPartOf\":{\"@id\":\"https:\\\/\\\/centredentaireied.ca\\\/#website\"},\"primaryImageOfPage\":{\"@id\":\"https:\\\/\\\/centredentaireied.ca\\\/116-dentist-kirkland\\\/#primaryimage\"},\"image\":{\"@id\":\"https:\\\/\\\/centredentaireied.ca\\\/116-dentist-kirkland\\\/#primaryimage\"},\"thumbnailUrl\":\"https:\\\/\\\/centredentaireied.ca\\\/wp-content\\\/uploads\\\/2026\\\/02\\\/tech-banner.png\",\"datePublished\":\"2026-02-25T21:55:44+00:00\",\"dateModified\":\"2026-03-16T15:30:53+00:00\",\"description\":\"Vous cherchez un dentiste pr\u00e8s de Kirkland? Le Centre dentaire IED \u00e0 Pierrefonds offre implantologie, dentisterie g\u00e9n\u00e9rale et soins esth\u00e9tiques.\",\"breadcrumb\":{\"@id\":\"https:\\\/\\\/centredentaireied.ca\\\/116-dentist-kirkland\\\/#breadcrumb\"},\"inLanguage\":\"fr-FR\",\"potentialAction\":[{\"@type\":\"ReadAction\",\"target\":[\"https:\\\/\\\/centredentaireied.ca\\\/116-dentist-kirkland\\\/\"]}]},{\"@type\":\"ImageObject\",\"inLanguage\":\"fr-FR\",\"@id\":\"https:\\\/\\\/centredentaireied.ca\\\/116-dentist-kirkland\\\/#primaryimage\",\"url\":\"https:\\\/\\\/centredentaireied.ca\\\/wp-content\\\/uploads\\\/2026\\\/02\\\/tech-banner.png\",\"contentUrl\":\"https:\\\/\\\/centredentaireied.ca\\\/wp-content\\\/uploads\\\/2026\\\/02\\\/tech-banner.png\"},{\"@type\":\"BreadcrumbList\",\"@id\":\"https:\\\/\\\/centredentaireied.ca\\\/116-dentist-kirkland\\\/#breadcrumb\",\"itemListElement\":[{\"@type\":\"ListItem\",\"position\":1,\"name\":\"Home\",\"item\":\"https:\\\/\\\/centredentaireied.ca\\\/\"},{\"@type\":\"ListItem\",\"position\":2,\"name\":\"116 Dentiste kirkland\"}]},{\"@type\":\"WebSite\",\"@id\":\"https:\\\/\\\/centredentaireied.ca\\\/#website\",\"url\":\"https:\\\/\\\/centredentaireied.ca\\\/\",\"name\":\"Centre Dentaire IED\",\"description\":\"Implant, Esthetic &amp; General Dentistry in Pierrefonds\",\"publisher\":{\"@id\":\"https:\\\/\\\/centredentaireied.ca\\\/#organization\"},\"potentialAction\":[{\"@type\":\"SearchAction\",\"target\":{\"@type\":\"EntryPoint\",\"urlTemplate\":\"https:\\\/\\\/centredentaireied.ca\\\/?s={search_term_string}\"},\"query-input\":{\"@type\":\"PropertyValueSpecification\",\"valueRequired\":true,\"valueName\":\"search_term_string\"}}],\"inLanguage\":\"fr-FR\"},{\"@type\":\"Organization\",\"@id\":\"https:\\\/\\\/centredentaireied.ca\\\/#organization\",\"name\":\"Centre Dentaire IED\",\"url\":\"https:\\\/\\\/centredentaireied.ca\\\/\",\"logo\":{\"@type\":\"ImageObject\",\"inLanguage\":\"fr-FR\",\"@id\":\"https:\\\/\\\/centredentaireied.ca\\\/#\\\/schema\\\/logo\\\/image\\\/\",\"url\":\"https:\\\/\\\/centredentaireied.ca\\\/wp-content\\\/uploads\\\/2026\\\/03\\\/Centre-Dentaire-IED-logo-small.png\",\"contentUrl\":\"https:\\\/\\\/centredentaireied.ca\\\/wp-content\\\/uploads\\\/2026\\\/03\\\/Centre-Dentaire-IED-logo-small.png\",\"width\":900,\"height\":300,\"caption\":\"Centre Dentaire IED\"},\"image\":{\"@id\":\"https:\\\/\\\/centredentaireied.ca\\\/#\\\/schema\\\/logo\\\/image\\\/\"}}]}<\/script>\n<!-- \/ Yoast SEO plugin. -->","yoast_head_json":{"title":"Dentiste pr\u00e8s de Kirkland | Centre dentaire IED Pierrefonds","description":"Vous cherchez un dentiste pr\u00e8s de Kirkland? Le Centre dentaire IED \u00e0 Pierrefonds offre implantologie, dentisterie g\u00e9n\u00e9rale et soins esth\u00e9tiques.","robots":{"index":"index","follow":"follow","max-snippet":"max-snippet:-1","max-image-preview":"max-image-preview:large","max-video-preview":"max-video-preview:-1"},"canonical":"https:\/\/centredentaireied.ca\/116-dentist-kirkland\/","og_locale":"fr_FR","og_type":"article","og_title":"Dentiste pr\u00e8s de Kirkland | Centre dentaire IED Pierrefonds","og_description":"Vous cherchez un dentiste pr\u00e8s de Kirkland? Le Centre dentaire IED \u00e0 Pierrefonds offre implantologie, dentisterie g\u00e9n\u00e9rale et soins esth\u00e9tiques.","og_url":"https:\/\/centredentaireied.ca\/116-dentist-kirkland\/","og_site_name":"Centre Dentaire IED | Implants, Esthetics &amp; General Dentistry in Pierrefonds","article_modified_time":"2026-03-16T15:30:53+00:00","og_image":[{"width":980,"height":200,"url":"https:\/\/centredentaireied.ca\/wp-content\/uploads\/2026\/02\/tech-banner.png","type":"image\/png"}],"twitter_card":"summary_large_image","twitter_misc":{"Dur\u00e9e de lecture estim\u00e9e":"2 minutes"},"schema":{"@context":"https:\/\/schema.org","@graph":[{"@type":"WebPage","@id":"https:\/\/centredentaireied.ca\/116-dentist-kirkland\/","url":"https:\/\/centredentaireied.ca\/116-dentist-kirkland\/","name":"Dentiste pr\u00e8s de Kirkland | Centre dentaire IED Pierrefonds","isPartOf":{"@id":"https:\/\/centredentaireied.ca\/#website"},"primaryImageOfPage":{"@id":"https:\/\/centredentaireied.ca\/116-dentist-kirkland\/#primaryimage"},"image":{"@id":"https:\/\/centredentaireied.ca\/116-dentist-kirkland\/#primaryimage"},"thumbnailUrl":"https:\/\/centredentaireied.ca\/wp-content\/uploads\/2026\/02\/tech-banner.png","datePublished":"2026-02-25T21:55:44+00:00","dateModified":"2026-03-16T15:30:53+00:00","description":"Vous cherchez un dentiste pr\u00e8s de Kirkland? Le Centre dentaire IED \u00e0 Pierrefonds offre implantologie, dentisterie g\u00e9n\u00e9rale et soins esth\u00e9tiques.","breadcrumb":{"@id":"https:\/\/centredentaireied.ca\/116-dentist-kirkland\/#breadcrumb"},"inLanguage":"fr-FR","potentialAction":[{"@type":"ReadAction","target":["https:\/\/centredentaireied.ca\/116-dentist-kirkland\/"]}]},{"@type":"ImageObject","inLanguage":"fr-FR","@id":"https:\/\/centredentaireied.ca\/116-dentist-kirkland\/#primaryimage","url":"https:\/\/centredentaireied.ca\/wp-content\/uploads\/2026\/02\/tech-banner.png","contentUrl":"https:\/\/centredentaireied.ca\/wp-content\/uploads\/2026\/02\/tech-banner.png"},{"@type":"BreadcrumbList","@id":"https:\/\/centredentaireied.ca\/116-dentist-kirkland\/#breadcrumb","itemListElement":[{"@type":"ListItem","position":1,"name":"Home","item":"https:\/\/centredentaireied.ca\/"},{"@type":"ListItem","position":2,"name":"116 Dentiste kirkland"}]},{"@type":"WebSite","@id":"https:\/\/centredentaireied.ca\/#website","url":"https:\/\/centredentaireied.ca\/","name":"Centre Dentaire IED","description":"Implant, Esthetic &amp; General Dentistry in Pierrefonds","publisher":{"@id":"https:\/\/centredentaireied.ca\/#organization"},"potentialAction":[{"@type":"SearchAction","target":{"@type":"EntryPoint","urlTemplate":"https:\/\/centredentaireied.ca\/?s={search_term_string}"},"query-input":{"@type":"PropertyValueSpecification","valueRequired":true,"valueName":"search_term_string"}}],"inLanguage":"fr-FR"},{"@type":"Organization","@id":"https:\/\/centredentaireied.ca\/#organization","name":"Centre Dentaire IED","url":"https:\/\/centredentaireied.ca\/","logo":{"@type":"ImageObject","inLanguage":"fr-FR","@id":"https:\/\/centredentaireied.ca\/#\/schema\/logo\/image\/","url":"https:\/\/centredentaireied.ca\/wp-content\/uploads\/2026\/03\/Centre-Dentaire-IED-logo-small.png","contentUrl":"https:\/\/centredentaireied.ca\/wp-content\/uploads\/2026\/03\/Centre-Dentaire-IED-logo-small.png","width":900,"height":300,"caption":"Centre Dentaire IED"},"image":{"@id":"https:\/\/centredentaireied.ca\/#\/schema\/logo\/image\/"}}]}},"featured_image_src":null,"featured_image_src_square":null,"_links":{"self":[{"href":"https:\/\/centredentaireied.ca\/fr\/wp-json\/wp\/v2\/pages\/4859","targetHints":{"allow":["GET"]}}],"collection":[{"href":"https:\/\/centredentaireied.ca\/fr\/wp-json\/wp\/v2\/pages"}],"about":[{"href":"https:\/\/centredentaireied.ca\/fr\/wp-json\/wp\/v2\/types\/page"}],"author":[{"embeddable":true,"href":"https:\/\/centredentaireied.ca\/fr\/wp-json\/wp\/v2\/users\/1"}],"replies":[{"embeddable":true,"href":"https:\/\/centredentaireied.ca\/fr\/wp-json\/wp\/v2\/comments?post=4859"}],"version-history":[{"count":0,"href":"https:\/\/centredentaireied.ca\/fr\/wp-json\/wp\/v2\/pages\/4859\/revisions"}],"wp:attachment":[{"href":"https:\/\/centredentaireied.ca\/fr\/wp-json\/wp\/v2\/media?parent=4859"}],"curies":[{"name":"wp","href":"https:\/\/api.w.org\/{rel}","templated":true}]}}